{"id":68,"date":"2024-01-05T21:35:17","date_gmt":"2024-01-05T21:35:17","guid":{"rendered":"http:\/\/xn--mhroboter-hannover-ltb.de\/?page_id=68"},"modified":"2024-09-26T15:54:30","modified_gmt":"2024-09-26T15:54:30","slug":"zubehoer","status":"publish","type":"page","link":"https:\/\/xn--mhroboter-hannover-ltb.de\/?page_id=68","title":{"rendered":"Zubeh\u00f6r"},"content":{"rendered":"\n<p>Zubeh\u00f6r<\/p>\n\n\n\n<p>G\u00f6nnen Sie sich und Ihrem M\u00e4hroboter etwas Luxus und spendieren Sie ihm eine Garage oder ein individuelles \u00c4u\u00dferes, das Ihren Automower einzigartig macht!<\/p>\n\n\n\n<p>Garage<\/p>\n\n\n\n<p>&nbsp;Ist eine Garage f\u00fcr meinen M\u00e4hroboter notwendig?<\/p>\n\n\n\n<p>Nun, prinzipiell sind alle M\u00e4hroboter so gebaut, dass sie dauerhaft ohne Garage im Freien aufgestellt werden k\u00f6nnen.<\/p>\n\n\n\n<p>Es gibt jedoch mehrere Gr\u00fcnde, die daf\u00fcr sprechen :<\/p>\n\n\n\n<p>Schutz vor Sonne<\/p>\n\n\n\n<p>Eine Garage l\u00e4sst sich sehr dekorativ in Ihren Garten integrieren!<\/p>\n\n\n\n<p>Bei sehr hei\u00dfen Sommern heizt sich das Innere des Roboters extrem auf, was die Lebensdauer des Akkus erheblich verringern kann.<\/p>\n\n\n\n<p>Au\u00dferdem greifen die UV-Strahlen das Kunststoffgeh\u00e4use an, was es ausbleichen oder im schlimmsten Fall por\u00f6s werden l\u00e4sst.<\/p>\n\n\n\n<p>Eine \u00dcberdachung sch\u00fctzt den M\u00e4hroboter vor diesen Einfl\u00fcssen und hat einen positiven Einfluss auf die Lebensdauer.<\/p>\n\n\n\n<p>Schutz bei besonderen Anforderungen<\/p>\n\n\n\n<p>Haben Sie Ihre Ladestation unter einem Baum oder Busch aufgestellt, oder fallen regelm\u00e4\u00dfig Apfel, Bl\u00e4tter oder Kastanien auf den Roboter,<\/p>\n\n\n\n<p>ist ein sch\u00fctzender Unterstand sehr empfehlenswert.<\/p>\n\n\n\n<p>Garagen Modelle<\/p>\n\n\n\n<p>Content: K\u00fcgler bietet Ihnen eine gro\u00dfe Auswahl verschiedener Garagenmodelle.<\/p>\n\n\n\n<p>Ob Sie ein dezentes Modell suchen, oder auffallen wollen &#8211; wir finden f\u00fcr Ihren M\u00e4hroboter den passenden unterschlupf!<\/p>\n\n\n\n<p><\/p>\n\n\n\n<p>Diebstahlschutz<\/p>\n\n\n\n<p>Die Garage kann den Blick auf den Roboter einschr\u00e4nken, sodass man von au\u00dferhalb Ihres Grundst\u00fccks nur eine<\/p>\n\n\n\n<p>Hundeh\u00fctte oder einfachen Verschlag vermutet. Bessere Modelle mit Rolltor stellen einen noch wirksameren Diebstahlschutz dar.<\/p>\n\n\n\n<p>Bei K\u00fcgler verf\u00fcgbare Modelle<\/p>\n\n\n\n<p>Mit dem Mower-Dach werten Sie Ihren M\u00e4hroboter mit optisch ansprechendem Dach und klarem Design auf.<\/p>\n\n\n\n<p>Das Mower-Dach bietet zudem Schutz vor Wind und Wetter.<\/p>\n\n\n\n<p>Das Mower-Dach ist erh\u00e4ltlich in verschiedenen Farben.<\/p>\n\n\n\n<p>mehr Infos<\/p>\n\n\n\n<p>Die Wandelemente, als offene Holzlattung, bestehen aus nat\u00fcrlichem Kiefernholz. Die Elemente sind mit hochwertiger&nbsp; Osmo\u00ae &#8211;<\/p>\n\n\n\n<p>Lasur behandelt und damit vor Witterung gesch\u00fctzt. Durch die Lasierung bleibt die nat\u00fcrliche Struktur des Holzes erhalten.<\/p>\n\n\n\n<p>mehr Infos<\/p>\n\n\n\n<p>Die Mower-Haube in silber ist ein Design-Highlight in Ihrem Garten. Mit den mitgelieferten Erdn\u00e4geln wird die Haube \u00fcber der Ladestationplatziert.<\/p>\n\n\n\n<p>Dank zweier verschiedener Gr\u00f6\u00dfen kannf\u00fcr jeden M\u00e4her die richtige Haube gew\u00e4hltwerden.<\/p>\n\n\n\n<p>Die Mower-Garage verdient ihren Namen: Der M\u00e4hroboter wird durch die Garage optimal vor Wind, Wetter und UV-Strahlung gesch\u00fctzt.<\/p>\n\n\n\n<p>Zus\u00e4tzlich l\u00e4sst sich das integrierte Tor zeitgesteuert schlie\u00dfen und \u00f6ffnen. Dies erm\u00f6glicht den bestm\u00f6glichen Schutz vor Diebstahl und Vandalismus w\u00e4hrend<\/p>\n\n\n\n<p>Ruhe- bzw. Ladephasen an der Ladestation.<\/p>\n\n\n\n<p>Mit dem Mower-Dach werten Sie Ihren M\u00e4hroboter mit optisch ansprechendem Dach und klarem Design auf.<\/p>\n\n\n\n<p>Das Mower-Dach bietet zudem Schutz vor Wind und Wetter. Mit Erdn\u00e4geln wird das Dach \u00fcber der Ladestation fixiert.<\/p>\n\n\n\n<p>Ebenenfalls bietet das Mower-Dach in silbergrau zu der modernen Farbe einen UV Schutz f\u00fcr Ihren M\u00e4hroboter.<\/p>\n\n\n\n<p>Die Mower-Haube in silber ist ein Design-Highlight in Ihrem Garten. Mit den mitgelieferten Erdn\u00e4geln wird die Haube \u00fcber der Ladestationplatziert.<\/p>\n\n\n\n<p>Dank zweier verschiedener Gr\u00f6\u00dfen kannf\u00fcr jeden M\u00e4her die richtige Haube gew\u00e4hltwerden.<\/p>\n\n\n\n<p>Video : M\u00e4hrobotergarage mit Rolltor<\/p>\n\n\n\n<p>&#8222;http:\/\/www.xn--mhroboter-hannover-ltb.de\/wp-content\/uploads\/2018\/12\/videovorschau.jpg&#8220;<\/p>\n\n\n\n<p>Title: eigenes Design<\/p>\n\n\n\n<p>Content: Haben Sie sich erstmal einen M\u00e4hroboter angeschafft, wird er sehr schnell ein Teil Ihres Gartens sein.<\/p>\n\n\n\n<p>Sicher sind Sie stets bem\u00fcht Ihren Garten ansehnlich zu gestalten. Daher liegt es doch nahe dies auch mit Ihrem Automower zu tun.<\/p>\n\n\n\n<p>Verleihen Sie ihm eine pers\u00f6nliche und geben Sie ihm ein individuellen Design!<\/p>\n\n\n\n<p>Mit myHusqvana k\u00f6nnen Sie Ihren Automower\u00ae komplett individuell gestalten, oder w\u00e4hlen sie eines von vielen vorhandenen Designs!<\/p>\n\n\n\n<p>Nat\u00fcrlich funktionieren auch die Produkte anderer Hersteller. So bieten wir Ihnen nat\u00fcrlich auch M\u00e4hroboter von AL-KO oder Robomow&nbsp; an.<\/p>\n","protected":false},"excerpt":{"rendered":"<p>Zubeh\u00f6r G\u00f6nnen Sie sich und Ihrem M\u00e4hroboter etwas Luxus und spendieren Sie ihm eine Garage oder ein individuelles \u00c4u\u00dferes, das Ihren Automower einzigartig macht! Garage &nbsp;Ist eine Garage f\u00fcr meinen M\u00e4hroboter notwendig? Nun, prinzipiell sind alle M\u00e4hroboter so gebaut, dass sie dauerhaft ohne Garage im Freien aufgestellt werden k\u00f6nnen. Es gibt jedoch mehrere Gr\u00fcnde, die [&hellip;]<\/p>\n","protected":false},"author":1,"featured_media":0,"parent":0,"menu_order":0,"comment_status":"closed","ping_status":"closed","template":"","meta":{"footnotes":""},"class_list":["post-68","page","type-page","status-publish","hentry"],"blocksy_meta":[],"_links":{"self":[{"href":"https:\/\/xn--mhroboter-hannover-ltb.de\/index.php?rest_route=\/wp\/v2\/pages\/68"}],"collection":[{"href":"https:\/\/xn--mhroboter-hannover-ltb.de\/index.php?rest_route=\/wp\/v2\/pages"}],"about":[{"href":"https:\/\/xn--mhroboter-hannover-ltb.de\/index.php?rest_route=\/wp\/v2\/types\/page"}],"author":[{"embeddable":true,"href":"https:\/\/xn--mhroboter-hannover-ltb.de\/index.php?rest_route=\/wp\/v2\/users\/1"}],"replies":[{"embeddable":true,"href":"https:\/\/xn--mhroboter-hannover-ltb.de\/index.php?rest_route=%2Fwp%2Fv2%2Fcomments&post=68"}],"version-history":[{"count":3,"href":"https:\/\/xn--mhroboter-hannover-ltb.de\/index.php?rest_route=\/wp\/v2\/pages\/68\/revisions"}],"predecessor-version":[{"id":341,"href":"https:\/\/xn--mhroboter-hannover-ltb.de\/index.php?rest_route=\/wp\/v2\/pages\/68\/revisions\/341"}],"wp:attachment":[{"href":"https:\/\/xn--mhroboter-hannover-ltb.de\/index.php?rest_route=%2Fwp%2Fv2%2Fmedia&parent=68"}],"curies":[{"name":"wp","href":"https:\/\/api.w.org\/{rel}","templated":true}]}}