{"id":67,"date":"2024-01-05T21:35:17","date_gmt":"2024-01-05T21:35:17","guid":{"rendered":"http:\/\/xn--mhroboter-hannover-ltb.de\/?page_id=67"},"modified":"2024-09-26T15:56:34","modified_gmt":"2024-09-26T15:56:34","slug":"sportplatzmaeher","status":"publish","type":"page","link":"https:\/\/xn--mhroboter-hannover-ltb.de\/?page_id=67","title":{"rendered":"Sportplatzm\u00e4her"},"content":{"rendered":"\n<p><\/p>\n\n\n\n<p>Sport- und Trainingspl\u00e4tze werden intensiv genutzt. Deshalb kann die Rasenpflege oftmals herausfordernd sein.<\/p>\n\n\n\n<p>Pflegema\u00dfnahmen wie M\u00e4hen, D\u00fcngen, Bew\u00e4ssern oder Aerifizieren ben\u00f6tigen viel Zeit und sind kostenintensiv.<\/p>\n\n\n\n<p>Automower\u00ae M\u00e4hroboter sorgen dank ihres M\u00e4hkonzepts f\u00fcr einen gesunden Rasen: Kontinuierlich m\u00e4hen sie nur wenige<\/p>\n\n\n\n<p>Millimeter &#8211; der feine Gr\u00fcnschnitt wird als nat\u00fcrlicher D\u00fcnger auf der Fl\u00e4che belassen und f\u00f6rdert die Platzqualit\u00e4t.<\/p>\n\n\n\n<p>Gleichzeitig k\u00f6nnen Kosten f\u00fcr D\u00fcngemittel und weitere Rasenpflegema\u00dfnahmen eingespart werden. Dank ihres geringen Gewichts verdichten sie den Boden zudem<\/p>\n\n\n\n<p>weit weniger als schwere M\u00e4hmaschinen und k\u00f6nnen sogar bei Regen eingesetzt werden. Und Spieler? Sie genie\u00dfen jederzeit einen perfekt gem\u00e4hten Sportplatz.<\/p>\n\n\n\n<p>Sportplatzm\u00e4her von Kress<\/p>\n\n\n\n<p>Kress Mission Mega &#8211; Der Gro\u00dffl\u00e4chenm\u00e4her<\/p>\n\n\n\n<p>Der Mission Mega KR136E ist die neueste Roboterm\u00e4hplattform von Kress, die erstmals mit Doppelmessern ausgestattet ist und eine Schnittbreite von bis zu 35 cm bietet. Der einzigartige In-Rad-Antrieb erm\u00f6glicht ein feinf\u00fchligeres und leiseres M\u00e4hen. Kress setzt mit dem Mission Mega KR136E und dem KR136E einen neuen Standard, indem Effizienz mit Leistung, Intelligenz und konkurrenzloser Zuverl\u00e4ssigkeit kombiniert wird. F\u00fcr eine Fl\u00e4chenleistung von bis zu 6.500 m\u00b2<\/p>\n\n\n\n<p><\/p>\n\n\n\n<p><\/p>\n\n\n\n<p>Der Mission Mega KR136E ist die neueste Roboterm\u00e4hplattform von Kress, die erstmals mit Doppelmessern ausgestattet ist und eine Schnittbreite von bis zu 35 cm bietet. Der einzigartige In-Rad-Antrieb erm\u00f6glicht ein feinf\u00fchligeres und leiseres M\u00e4hen. Kress setzt mit dem Mission Mega KR136E und dem KR136E einen neuen Standard, indem Effizienz mit Leistung, Intelligenz und konkurrenzloser Zuverl\u00e4ssigkeit kombiniert wird. F\u00fcr eine Fl\u00e4chenleistung von bis zu 6.500 m\u00b2.<\/p>\n\n\n\n<p><a href=\"https:\/\/www.youtube.com\/watch?v=NBQHSA91vBw\">https:\/\/www.youtube.com\/watch?v=NBQHSA91vBw<\/a><\/p>\n\n\n\n<p><iframe title=\"Kress Robotic Mega KR133e KR136e\" width=\"1157\" height=\"651\" src=\"https:\/\/www.youtube.com\/embed\/wFsTlufh4xA?feature=oembed\" frameborder=\"0\" allow=\"accelerometer; autoplay; clipboard-write; encrypted-media; gyroscope; picture-in-picture; web-share\" referrerpolicy=\"strict-origin-when-cross-origin\" allowfullscreen><\/iframe><\/p>\n\n\n\n<p><iframe title=\"Kress Mega KR136E Testimonial - Fu\u00dfballplatz\" width=\"1157\" height=\"651\" src=\"https:\/\/www.youtube.com\/embed\/A0pEPmJp_hk?feature=oembed\" frameborder=\"0\" allow=\"accelerometer; autoplay; clipboard-write; encrypted-media; gyroscope; picture-in-picture; web-share\" referrerpolicy=\"strict-origin-when-cross-origin\" allowfullscreen><\/iframe><\/p>\n\n\n\n<p><iframe title=\"Kress Mega KR136E Testimonial Hotel Meergut\" width=\"1157\" height=\"651\" src=\"https:\/\/www.youtube.com\/embed\/YwnWbvb-U_s?feature=oembed\" frameborder=\"0\" allow=\"accelerometer; autoplay; clipboard-write; encrypted-media; gyroscope; picture-in-picture; web-share\" referrerpolicy=\"strict-origin-when-cross-origin\" allowfullscreen><\/iframe><\/p>\n\n\n\n<p><iframe title=\"Kress Mega KR136E Testimonial - Solaranlage\" width=\"1157\" height=\"651\" src=\"https:\/\/www.youtube.com\/embed\/QyHRajZBdU8?feature=oembed\" frameborder=\"0\" allow=\"accelerometer; autoplay; clipboard-write; encrypted-media; gyroscope; picture-in-picture; web-share\" referrerpolicy=\"strict-origin-when-cross-origin\" allowfullscreen><\/iframe><\/p>\n\n\n\n<p>Mithilfe eines Automower\u00ae M\u00e4hroboters h\u00e4lt Ihr Rasen nicht nur einem vollen Spielplan, sondern auch langen und intensiven Trainingseineiten m\u00fchelos stand.<\/p>\n\n\n\n<p>Das kontinuierliche M\u00e4hen und der millimeterkleine Grasabschnitt, der auf dem Rasen verbleibt, sorgen f\u00fcr einen gesunden Rasen.<\/p>\n\n\n\n<p>Dem Rasen werden nicht nur wichtige N\u00e4hrstoffe zur\u00fcckgef\u00fchrt, sondern der Grasabschnitt sch\u00fctzt das Gras au\u00dferdem vor der Trockenheit. Untersuchungen haben gezeigt, dass Graswurzeln durch regelm\u00e4\u00dfiges M\u00e4hen um bis zu 25 % tiefer wachsen. F\u00fcr einen gesunden und starken Rasen.<\/p>\n\n\n\n<p>Die Automower\u00ae-Seite wies Grashalme mit messerscharfen Schnitten auf, w\u00e4hrend die andere Seite zum Teil so wirkte, als ob die Grashalme eher ausgerissen<\/p>\n\n\n\n<p>oder geschreddert als geschnitten worden w\u00e4ren. Das \u201cAusrupfen\u201d der Grashalme erzeugt unn\u00f6tigen Stress, wodurch der Rasen bzw. der Fu\u00dfballplatz anf\u00e4lliger<\/p>\n\n\n\n<p>f\u00fcr Krankheiten und Pilzbefall wird. Geringere Sch\u00e4den an jeder einzelnen Pflanze f\u00fchren zu einem insgesamt ges\u00fcnderen und gr\u00fcneren Rasen.\u201dEin scharfer, glatter<\/p>\n\n\n\n<p>Schnitt erleichtert der Pflanze das Wachstum, so Simeon. \u201cStumpfe Schnitte k\u00f6nnen zu Degeneration f\u00fchren, und im schlimmsten Fall wird die Pflanze geschw\u00e4cht,<\/p>\n\n\n\n<p>sodass sie an Widerstandskraft verliert.\u201d<\/p>\n\n\n\n<p>Die Untersuchungsdaten von Simeon belegen, dass das Gras auf der Seite, die mit dem Automower\u00ae-M\u00e4hroboter bearbeitet wurde, im Schnitt 2&nbsp;cm tiefere Wurzeln aufweist.<\/p>\n\n\n\n<p>Tiefere Wurzeln sind ein Zeichen f\u00fcr eine ges\u00fcndere und widerstandsf\u00e4higere Pflanze.<\/p>\n\n\n\n<p>Automower\u00ae M\u00e4hroboter m\u00e4hen den Fu\u00dfballrasen komplett eigenst\u00e4ndig. Die Husqvarna Fleet Services&amp;#x2122;<\/p>\n\n\n\n<p>App informiert Sie umgehend per Smartphone, wenn einer der M\u00e4hroboter Ihre Aufmerksamkeit ben\u00f6tigt. Gleichzeitig haben Sie mehr Zeit frei f\u00fcr anspruchsvollere<\/p>\n\n\n\n<p>Aufgaben wie Bodenkontrollen, Bew\u00e4sserung, Aerifizieren und mehr. Das Ergebnis ist ein top gepflegtes Spielfeld, auf das Sie wirklich stolz sein k\u00f6nnen, und, auf dem Spieler<\/p>\n\n\n\n<p>ihre F\u00e4higkeiten unter besten Rahmenbedingungen verbessern k\u00f6nnen.<\/p>\n\n\n\n<p>Automower\u00ae M\u00e4hroboter richten sich nach Ihrem Zeitplan. Sie m\u00e4hen den Sportplatz dann, wenn Sie es w\u00fcnschen. Ganz bequem k\u00f6nnen Zeiten,<\/p>\n\n\n\n<p>zu denen Trainingseinheiten oder Spiele stattfinden, vom M\u00e4hen ausgenommen werden. W\u00e4hrend sich die Spieler dem Spiel oder dem Training widmen,<\/p>\n\n\n\n<p>k\u00f6nnen Sie anderen wichtigen Aufgaben nachgehen. Denn Automower\u00ae arbeiten so leise, dass sie niemanden st\u00f6ren.<\/p>\n\n\n\n<p>Mithilfe der neuen Automower\u00ae Club L\u00f6sung k\u00f6nnen bis zu drei M\u00e4hroboter innerhalb eines Begrenzungskabels m\u00e4hen.<\/p>\n\n\n\n<p>Statt wie bisher drei M\u00e4hbereiche mit je einem Automower\u00ae und durch Begrenzungskabel voneinander getrennt anzulegen, wird mit Automower\u00ae<\/p>\n\n\n\n<p>Club nur noch ein Kabel am Rande des Sportplatzes verlegt. Innerhalb dieser Begrenzung arbeiten die Roboter eigenst\u00e4ndig im Verbund. Dadurch k\u00f6nnen die M\u00e4her<\/p>\n\n\n\n<p>den Sportplatz schneller m\u00e4hen, was die Verf\u00fcgbarkeit des Platzes f\u00fcr Trainings und Spiele erh\u00f6ht. Gleichzeitig k\u00f6nnen wichtige Rasenpflege-Ma\u00dfnahmen wie zum Beispiel<\/p>\n\n\n\n<p>Aerifizieren, Bel\u00fcften und Topdressing vorgenommen werden, ohne R\u00fccksicht auf Kabel im Boden nehmen zu m\u00fcssen.<\/p>\n","protected":false},"excerpt":{"rendered":"<p>Sport- und Trainingspl\u00e4tze werden intensiv genutzt. Deshalb kann die Rasenpflege oftmals herausfordernd sein. Pflegema\u00dfnahmen wie M\u00e4hen, D\u00fcngen, Bew\u00e4ssern oder Aerifizieren ben\u00f6tigen viel Zeit und sind kostenintensiv. Automower\u00ae M\u00e4hroboter sorgen dank ihres M\u00e4hkonzepts f\u00fcr einen gesunden Rasen: Kontinuierlich m\u00e4hen sie nur wenige Millimeter &#8211; der feine Gr\u00fcnschnitt wird als nat\u00fcrlicher D\u00fcnger auf der Fl\u00e4che belassen und [&hellip;]<\/p>\n","protected":false},"author":1,"featured_media":0,"parent":0,"menu_order":0,"comment_status":"closed","ping_status":"closed","template":"","meta":{"footnotes":""},"class_list":["post-67","page","type-page","status-publish","hentry"],"blocksy_meta":[],"_links":{"self":[{"href":"https:\/\/xn--mhroboter-hannover-ltb.de\/index.php?rest_route=\/wp\/v2\/pages\/67"}],"collection":[{"href":"https:\/\/xn--mhroboter-hannover-ltb.de\/index.php?rest_route=\/wp\/v2\/pages"}],"about":[{"href":"https:\/\/xn--mhroboter-hannover-ltb.de\/index.php?rest_route=\/wp\/v2\/types\/page"}],"author":[{"embeddable":true,"href":"https:\/\/xn--mhroboter-hannover-ltb.de\/index.php?rest_route=\/wp\/v2\/users\/1"}],"replies":[{"embeddable":true,"href":"https:\/\/xn--mhroboter-hannover-ltb.de\/index.php?rest_route=%2Fwp%2Fv2%2Fcomments&post=67"}],"version-history":[{"count":4,"href":"https:\/\/xn--mhroboter-hannover-ltb.de\/index.php?rest_route=\/wp\/v2\/pages\/67\/revisions"}],"predecessor-version":[{"id":2536,"href":"https:\/\/xn--mhroboter-hannover-ltb.de\/index.php?rest_route=\/wp\/v2\/pages\/67\/revisions\/2536"}],"wp:attachment":[{"href":"https:\/\/xn--mhroboter-hannover-ltb.de\/index.php?rest_route=%2Fwp%2Fv2%2Fmedia&parent=67"}],"curies":[{"name":"wp","href":"https:\/\/api.w.org\/{rel}","templated":true}]}}