{"id":29,"date":"2024-01-05T20:04:07","date_gmt":"2024-01-05T20:04:07","guid":{"rendered":"http:\/\/xn--mhroboter-hannover-ltb.de\/?page_id=29"},"modified":"2025-02-11T17:40:52","modified_gmt":"2025-02-11T17:40:52","slug":"ueber-uns","status":"publish","type":"page","link":"https:\/\/xn--mhroboter-hannover-ltb.de\/?page_id=29","title":{"rendered":"\u00fcber uns"},"content":{"rendered":"\t\t<div data-elementor-type=\"wp-page\" data-elementor-id=\"29\" class=\"elementor elementor-29\">\n\t\t\t\t<div class=\"elementor-element elementor-element-7899435 e-flex e-con-boxed e-con e-parent\" data-id=\"7899435\" data-element_type=\"container\">\n\t\t\t\t\t<div class=\"e-con-inner\">\n\t\t\t\t<div class=\"elementor-element elementor-element-41d15dd elementor-widget elementor-widget-heading\" data-id=\"41d15dd\" data-element_type=\"widget\" data-widget_type=\"heading.default\">\n\t\t\t\t<div class=\"elementor-widget-container\">\n\t\t\t<h2 class=\"elementor-heading-title elementor-size-default\">Das sind wir...<\/h2>\t\t<\/div>\n\t\t\t\t<\/div>\n\t\t\t\t\t<\/div>\n\t\t\t\t<\/div>\n\t\t<div class=\"elementor-element elementor-element-5fdfb06 e-flex e-con-boxed e-con e-parent\" data-id=\"5fdfb06\" data-element_type=\"container\">\n\t\t\t\t\t<div class=\"e-con-inner\">\n\t\t\t\t<div class=\"elementor-element elementor-element-6929e25 elementor-widget elementor-widget-text-editor\" data-id=\"6929e25\" data-element_type=\"widget\" data-widget_type=\"text-editor.default\">\n\t\t\t\t<div class=\"elementor-widget-container\">\n\t\t\t\t\t\t\t<p><strong>Alles begann aus einer spontanen Idee heraus im Juli 2005&#8230;<\/strong><\/p><p>&#8230; damals haben wir gerade unseren Garten angelegt. Zu der Zeit hatten wir viele Ideen und waren hin und wieder auf die Unterst\u00fctzung von Baumaschienen angewiesen. Da das st\u00e4ndige Ausleihen nicht nur kostenintensiv ist, sondern auch die Abholung und das zur\u00fcckbringen sehr zeitintensiv sind, waren die M\u00f6glichkeiten sehr begrenzt. Neben einem Vollzeitjob wollten wir flexibel sein mit dem Einsatz der Baumaschienen. Damals haben wir beschlossen uns die entsprechenden Ger\u00e4te f\u00fcr die Bauphase selbst zu erwerben und im Anschluss wieder zu ver\u00e4u\u00dfern.\u00a0<\/p><p>Schnell hat sich jedoch in unserem Ort herumgesprochen, dass wir nun einen Bagger besitzen und die ersten Mietanfragen haben nicht lange auf sich warten lassen. So kam die Idee die Mietstation als zweites Standbein aufzubauen. Neben dem Bagger wurden nun noch R\u00fcttelplatten und sp\u00e4ter auch Radlader angeschafft. Da der Platz in der eigenen Garage zunehmend knapper wurde kam dann der Entschluss die Selbstst\u00e4ndigkeit als eigenes festes Standbein aufzuziehen. Das Angestelltenverh\u00e4ltnis war von nun an Geschichte und wir unser eigener Chef.<\/p><p>So kam es nun das wir von dem sch\u00f6nen kleinen Holtensen nach Barsinghausen gezogen sind. Im Jahr 200X wurde die Mietstation dann um Rasenm\u00e4her erg\u00e4nzt. Die Wartung und der Verkauf von Rasenm\u00e4hern und Aufsitzm\u00e4hern wurde zunehmend ausgebaut.\u00a0<\/p><p><span style=\"font-family: inherit; font-size: inherit; font-style: inherit; font-variant-ligatures: inherit; font-variant-caps: inherit; font-weight: inherit; letter-spacing: 1.4px; background-color: var(--has-background, var(--theme-palette-color-8)); text-transform: var(--theme-text-transform);\">Seit 2020 haben wir uns nun ausschlie\u00dflich auf den Verkauf und die Wartung von M\u00e4hrobotern spezialisiert.<\/span><\/p><p class=\"MsoNormal\">Die Firma K\u00fcgler hat sich immer weiter entwickelt. Der heutige Stand ist beachtlich.\u00a0<span style=\"font-family: inherit; font-size: inherit; font-style: inherit; font-variant-ligatures: inherit; font-variant-caps: inherit; font-weight: inherit; letter-spacing: 1.4px; background-color: var(--has-background, var(--theme-palette-color-8)); text-transform: var(--theme-text-transform);\">Inzwischen betreuen wir \u00fcber 2000 M\u00e4hroboter-Anlagen im Raum\u00a0<\/span><span style=\"font-family: inherit; font-size: inherit; font-style: inherit; font-variant-ligatures: inherit; font-variant-caps: inherit; font-weight: inherit; letter-spacing: 1.4px; background-color: var(--has-background, var(--theme-palette-color-8)); text-transform: var(--theme-text-transform);\">Hannover und Umland.<\/span><\/p><p class=\"MsoNormal\">Wir sind ein eingespieltes Team mit \u00fcber 10 Jahren Erfahrung, sodass wir uns sehr flexibel auf unterschiedlichste Aufgaben einstellen k\u00f6nnen.\u00a0<span style=\"font-family: inherit; font-size: inherit; font-style: inherit; font-variant-ligatures: inherit; font-variant-caps: inherit; font-weight: inherit; letter-spacing: 1.4px; background-color: var(--has-background, var(--theme-palette-color-8)); text-transform: var(--theme-text-transform);\">Weiterhin sind wir von verschiedenen Ger\u00e4te- und\u00a0<\/span><span style=\"font-family: inherit; font-size: inherit; font-style: inherit; font-variant-ligatures: inherit; font-variant-caps: inherit; font-weight: inherit; letter-spacing: 1.4px; background-color: var(--has-background, var(--theme-palette-color-8)); text-transform: var(--theme-text-transform);\">Motorenherstellern zertifizierte Servicepartner. Seit 2010 sind wir\u00a0<\/span><span style=\"font-family: inherit; font-size: inherit; font-style: inherit; font-variant-ligatures: inherit; font-variant-caps: inherit; font-weight: inherit; letter-spacing: 1.4px; background-color: var(--has-background, var(--theme-palette-color-8)); text-transform: var(--theme-text-transform);\">ausgesprochener Husqvarna Automower Expert.<\/span><\/p><p class=\"MsoNormal\">Damit wir f\u00fcr unsere Kunden und Interessenten immer auf dem neusten Stand bleiben, besuchen wir regelm\u00e4\u00dfig Schulungen,\u00a0<span style=\"font-family: inherit; font-size: inherit; font-style: inherit; font-variant-ligatures: inherit; font-variant-caps: inherit; font-weight: inherit; letter-spacing: 1.4px; background-color: var(--has-background, var(--theme-palette-color-8)); text-transform: var(--theme-text-transform);\">Seminare und Ausstellungen, eine von den Herstellern\u00a0<\/span><span style=\"font-family: inherit; font-size: inherit; font-style: inherit; font-variant-ligatures: inherit; font-variant-caps: inherit; font-weight: inherit; letter-spacing: 1.4px; background-color: var(--has-background, var(--theme-palette-color-8)); text-transform: var(--theme-text-transform);\">verlangte Voraussetzung.<\/span><\/p><p class=\"MsoNormal\"><span style=\"background-color: var(--has-background, var(--theme-palette-color-8)); font-family: inherit; font-size: inherit; font-style: inherit; font-variant-ligatures: inherit; font-variant-caps: inherit; font-weight: inherit; letter-spacing: 1.4px; text-transform: var(--theme-text-transform);\">In der Ausstellung unserer Filiale in Barsinghausen zeigen\u00a0<\/span><span style=\"font-family: inherit; font-size: inherit; font-style: inherit; font-variant-ligatures: inherit; font-variant-caps: inherit; font-weight: inherit; letter-spacing: 1.4px; background-color: var(--has-background, var(--theme-palette-color-8)); text-transform: var(--theme-text-transform);\">wir auf \u00fcber 600m\u00b2 M\u00e4hroboter verschiedener Hersteller<\/span><span style=\"font-family: inherit; font-size: inherit; font-style: inherit; font-variant-ligatures: inherit; font-variant-caps: inherit; font-weight: inherit; letter-spacing: 1.4px; background-color: var(--has-background, var(--theme-palette-color-8)); text-transform: var(--theme-text-transform);\">. Besuchen Sie uns in Barsinghausen,\u00a0<\/span><span style=\"font-family: inherit; font-size: inherit; font-style: inherit; font-variant-ligatures: inherit; font-variant-caps: inherit; font-weight: inherit; letter-spacing: 1.4px; background-color: var(--has-background, var(--theme-palette-color-8)); text-transform: var(--theme-text-transform);\">wenn Sie eine pers\u00f6nliche Beratung w\u00fcnschen. Ansonsten\u00a0<\/span><span style=\"font-family: inherit; font-size: inherit; font-style: inherit; font-variant-ligatures: inherit; font-variant-caps: inherit; font-weight: inherit; letter-spacing: 1.4px; background-color: var(--has-background, var(--theme-palette-color-8)); text-transform: var(--theme-text-transform);\">k\u00f6nnen Sie auch gerne \u00fcber unser Kontaktformular Verbindung zu uns aufnehmen!<\/span><\/p>\t\t\t\t\t\t<\/div>\n\t\t\t\t<\/div>\n\t\t\t\t\t<\/div>\n\t\t\t\t<\/div>\n\t\t<div class=\"elementor-element elementor-element-69345c0 e-flex e-con-boxed e-con e-parent\" data-id=\"69345c0\" data-element_type=\"container\">\n\t\t\t\t\t<div class=\"e-con-inner\">\n\t\t\t\t<div class=\"elementor-element elementor-element-9653ae5 elementor-widget-divider--view-line elementor-widget elementor-widget-divider\" data-id=\"9653ae5\" data-element_type=\"widget\" data-widget_type=\"divider.default\">\n\t\t\t\t<div class=\"elementor-widget-container\">\n\t\t\t\t\t<div class=\"elementor-divider\">\n\t\t\t<span class=\"elementor-divider-separator\">\n\t\t\t\t\t\t<\/span>\n\t\t<\/div>\n\t\t\t\t<\/div>\n\t\t\t\t<\/div>\n\t\t\t\t\t<\/div>\n\t\t\t\t<\/div>\n\t\t<div class=\"elementor-element elementor-element-803ac49 e-flex e-con-boxed e-con e-parent\" data-id=\"803ac49\" data-element_type=\"container\">\n\t\t\t\t\t<div class=\"e-con-inner\">\n\t\t\t\t<div class=\"elementor-element elementor-element-046495f elementor-widget elementor-widget-heading\" data-id=\"046495f\" data-element_type=\"widget\" data-widget_type=\"heading.default\">\n\t\t\t\t<div class=\"elementor-widget-container\">\n\t\t\t<h2 class=\"elementor-heading-title elementor-size-default\">Unser Team<\/h2>\t\t<\/div>\n\t\t\t\t<\/div>\n\t\t\t\t\t<\/div>\n\t\t\t\t<\/div>\n\t\t<div class=\"elementor-element elementor-element-0398726 e-flex e-con-boxed e-con e-parent\" data-id=\"0398726\" data-element_type=\"container\">\n\t\t\t\t\t<div class=\"e-con-inner\">\n\t\t\t\t<div class=\"elementor-element elementor-element-fdb4a35 elementor-widget elementor-widget-image\" data-id=\"fdb4a35\" data-element_type=\"widget\" data-widget_type=\"image.default\">\n\t\t\t\t<div class=\"elementor-widget-container\">\n\t\t\t\t\t\t\t\t\t\t\t\t\t<img decoding=\"async\" src=\"https:\/\/xn--mhroboter-hannover-ltb.de\/wp-content\/plugins\/elementor\/assets\/images\/placeholder.png\" title=\"\" alt=\"\" loading=\"lazy\" \/>\t\t\t\t\t\t\t\t\t\t\t\t\t<\/div>\n\t\t\t\t<\/div>\n\t\t\t\t\t<\/div>\n\t\t\t\t<\/div>\n\t\t<div class=\"elementor-element elementor-element-73a7d70 e-con-full e-flex e-con e-parent\" data-id=\"73a7d70\" data-element_type=\"container\">\n\t\t\t\t<div class=\"elementor-element elementor-element-ba72b43 elementor-widget__width-initial elementor-widget elementor-widget-image\" data-id=\"ba72b43\" data-element_type=\"widget\" data-widget_type=\"image.default\">\n\t\t\t\t<div class=\"elementor-widget-container\">\n\t\t\t\t\t\t\t\t\t\t\t\t\t<img decoding=\"async\" src=\"https:\/\/xn--mhroboter-hannover-ltb.de\/wp-content\/plugins\/elementor\/assets\/images\/placeholder.png\" title=\"\" alt=\"\" loading=\"lazy\" \/>\t\t\t\t\t\t\t\t\t\t\t\t\t<\/div>\n\t\t\t\t<\/div>\n\t\t<div class=\"elementor-element elementor-element-5397787 e-con-full e-flex e-con e-child\" data-id=\"5397787\" data-element_type=\"container\">\n\t\t<div class=\"elementor-element elementor-element-a9bb15c e-flex e-con-boxed e-con e-child\" data-id=\"a9bb15c\" data-element_type=\"container\">\n\t\t\t\t\t<div class=\"e-con-inner\">\n\t\t\t\t<div class=\"elementor-element elementor-element-f05e33b elementor-widget elementor-widget-heading\" data-id=\"f05e33b\" data-element_type=\"widget\" data-widget_type=\"heading.default\">\n\t\t\t\t<div class=\"elementor-widget-container\">\n\t\t\t<h2 class=\"elementor-heading-title elementor-size-default\">In<b>go <\/b>K\u00fcgler<\/h2>\t\t<\/div>\n\t\t\t\t<\/div>\n\t\t\t\t\t<\/div>\n\t\t\t\t<\/div>\n\t\t<div class=\"elementor-element elementor-element-897082e e-flex e-con-boxed e-con e-child\" data-id=\"897082e\" data-element_type=\"container\">\n\t\t\t\t\t<div class=\"e-con-inner\">\n\t\t\t\t<div class=\"elementor-element elementor-element-918d00b elementor-widget elementor-widget-text-editor\" data-id=\"918d00b\" data-element_type=\"widget\" data-widget_type=\"text-editor.default\">\n\t\t\t\t<div class=\"elementor-widget-container\">\n\t\t\t\t\t\t\t<p>Ingo K\u00fcgler ist Gesch\u00e4ftsf\u00fchrer und Firmengr\u00fcnder der Firma K\u00fcgler, die urspr\u00fcnglich als Firma &#8222;Kompatec&#8220; gegr\u00fcndet wurde. Kompatec steht f\u00fcr &#8230;<\/p><p>Ingo K\u00fcgler ist gelernter Kfz-Mechaniker, der seinen Servicetechniker erfolgreich absolviert hat.\u00a0<\/p><p>Ingo K\u00fcgler ist Spezialist f\u00fcr M\u00e4hroboter und sein Aufgabengebiet sind die Grundst\u00fccksbesichtigungen. Mit seinem geschulten Blick kann Ingo schnell erkennen ob ein Grundst\u00fcck M\u00e4hroboter geeignet ist und welches Ger\u00e4t das Beste ist um den Kundenanspr\u00fcchen gerecht zu werden.\u00a0<\/p><p>Dar\u00fcber hinaus ist er auch in der Werkstatt t\u00e4tig. Hier f\u00fchrt er die komplexen Reparaturen durch und k\u00fcmmert sich um die &#8222;Problemf\u00e4lle&#8220;\u00a0<\/p>\t\t\t\t\t\t<\/div>\n\t\t\t\t<\/div>\n\t\t\t\t\t<\/div>\n\t\t\t\t<\/div>\n\t\t\t\t<\/div>\n\t\t\t\t<\/div>\n\t\t<div class=\"elementor-element elementor-element-ea3a7c7 e-flex e-con-boxed e-con e-parent\" data-id=\"ea3a7c7\" data-element_type=\"container\">\n\t\t\t\t\t<div class=\"e-con-inner\">\n\t\t\t\t<div class=\"elementor-element elementor-element-69902ac elementor-widget elementor-widget-spacer\" data-id=\"69902ac\" data-element_type=\"widget\" data-widget_type=\"spacer.default\">\n\t\t\t\t<div class=\"elementor-widget-container\">\n\t\t\t\t\t<div class=\"elementor-spacer\">\n\t\t\t<div class=\"elementor-spacer-inner\"><\/div>\n\t\t<\/div>\n\t\t\t\t<\/div>\n\t\t\t\t<\/div>\n\t\t\t\t\t<\/div>\n\t\t\t\t<\/div>\n\t\t<div class=\"elementor-element elementor-element-486e495 e-flex e-con-boxed e-con e-parent\" data-id=\"486e495\" data-element_type=\"container\">\n\t\t\t\t\t<div class=\"e-con-inner\">\n\t\t\t\t<div class=\"elementor-element elementor-element-8818823 elementor-widget__width-initial elementor-widget elementor-widget-text-editor\" data-id=\"8818823\" data-element_type=\"widget\" data-widget_type=\"text-editor.default\">\n\t\t\t\t<div class=\"elementor-widget-container\">\n\t\t\t\t\t\t\t<h1>Michaela K\u00fcgler<\/h1>\n<p>Michaela K\u00fcgler hat gemeinsam mit Ehemann Ingo die Firma gegr\u00fcndet und zu dem gemacht, was sie heute ist. W\u00e4hrend der Elternzeit hat sie von Zuhause aus die Telefonischen Anfragen bedient und die Mietger\u00e4te ausgegeben.&nbsp;<\/p>\n<p>Michaela ist gelernte Kauffrau f\u00fcr B\u00fcromanagement und k\u00fcmmert sich um die Organisation im Betrieb. Von der Telefonannahme, zu den E-Mail uns der Kundenbetreuung im Gesch\u00e4ft ist sie um alles zust\u00e4ndig.&nbsp;<\/p>\t\t\t\t\t\t<\/div>\n\t\t\t\t<\/div>\n\t\t<div class=\"elementor-element elementor-element-2bcfc8c e-con-full e-flex e-con e-child\" data-id=\"2bcfc8c\" data-element_type=\"container\">\n\t\t\t\t<div class=\"elementor-element elementor-element-c31ffa6 elementor-widget elementor-widget-image\" data-id=\"c31ffa6\" data-element_type=\"widget\" data-widget_type=\"image.default\">\n\t\t\t\t<div class=\"elementor-widget-container\">\n\t\t\t\t\t\t\t\t\t\t\t\t\t<img decoding=\"async\" src=\"https:\/\/xn--mhroboter-hannover-ltb.de\/wp-content\/plugins\/elementor\/assets\/images\/placeholder.png\" title=\"\" alt=\"\" loading=\"lazy\" \/>\t\t\t\t\t\t\t\t\t\t\t\t\t<\/div>\n\t\t\t\t<\/div>\n\t\t\t\t<\/div>\n\t\t\t\t\t<\/div>\n\t\t\t\t<\/div>\n\t\t<div class=\"elementor-element elementor-element-344a548 e-flex e-con-boxed e-con e-parent\" data-id=\"344a548\" data-element_type=\"container\">\n\t\t\t\t\t<div class=\"e-con-inner\">\n\t\t\t\t<div class=\"elementor-element elementor-element-fd311cc elementor-widget elementor-widget-spacer\" data-id=\"fd311cc\" data-element_type=\"widget\" data-widget_type=\"spacer.default\">\n\t\t\t\t<div class=\"elementor-widget-container\">\n\t\t\t\t\t<div class=\"elementor-spacer\">\n\t\t\t<div class=\"elementor-spacer-inner\"><\/div>\n\t\t<\/div>\n\t\t\t\t<\/div>\n\t\t\t\t<\/div>\n\t\t\t\t\t<\/div>\n\t\t\t\t<\/div>\n\t\t<div class=\"elementor-element elementor-element-e7da527 e-flex e-con-boxed e-con e-parent\" data-id=\"e7da527\" data-element_type=\"container\">\n\t\t\t\t\t<div class=\"e-con-inner\">\n\t\t\t\t<div class=\"elementor-element elementor-element-ff2a3d4 elementor-widget__width-initial elementor-widget elementor-widget-image\" data-id=\"ff2a3d4\" data-element_type=\"widget\" data-widget_type=\"image.default\">\n\t\t\t\t<div class=\"elementor-widget-container\">\n\t\t\t\t\t\t\t\t\t\t\t\t\t<img decoding=\"async\" src=\"https:\/\/xn--mhroboter-hannover-ltb.de\/wp-content\/plugins\/elementor\/assets\/images\/placeholder.png\" title=\"\" alt=\"\" loading=\"lazy\" \/>\t\t\t\t\t\t\t\t\t\t\t\t\t<\/div>\n\t\t\t\t<\/div>\n\t\t<div class=\"elementor-element elementor-element-dcbad57 e-con-full e-flex e-con e-child\" data-id=\"dcbad57\" data-element_type=\"container\">\n\t\t<div class=\"elementor-element elementor-element-ccbde52 e-con-full e-flex e-con e-child\" data-id=\"ccbde52\" data-element_type=\"container\">\n\t\t\t\t<div class=\"elementor-element elementor-element-5cfcee6 elementor-widget elementor-widget-heading\" data-id=\"5cfcee6\" data-element_type=\"widget\" data-widget_type=\"heading.default\">\n\t\t\t\t<div class=\"elementor-widget-container\">\n\t\t\t<h2 class=\"elementor-heading-title elementor-size-default\">Vancho Ivanov<\/h2>\t\t<\/div>\n\t\t\t\t<\/div>\n\t\t\t\t<\/div>\n\t\t<div class=\"elementor-element elementor-element-c2cab7a e-con-full e-flex e-con e-child\" data-id=\"c2cab7a\" data-element_type=\"container\">\n\t\t\t\t<div class=\"elementor-element elementor-element-4f9fe4d elementor-widget elementor-widget-text-editor\" data-id=\"4f9fe4d\" data-element_type=\"widget\" data-widget_type=\"text-editor.default\">\n\t\t\t\t<div class=\"elementor-widget-container\">\n\t\t\t\t\t\t\t<p>Vancho ist seit 2007 im Betrieb. Er ist eine tolle Unterst\u00fctzung und k\u00fcmmert sich um die Instandhaltung von den Schleifen im Garten\u00a0<\/p>\t\t\t\t\t\t<\/div>\n\t\t\t\t<\/div>\n\t\t\t\t<\/div>\n\t\t\t\t<\/div>\n\t\t\t\t\t<\/div>\n\t\t\t\t<\/div>\n\t\t\t\t<\/div>\n\t\t","protected":false},"excerpt":{"rendered":"<p>Das sind wir&#8230; Alles begann aus einer spontanen Idee heraus im Juli 2005&#8230; &#8230; damals haben wir gerade unseren Garten angelegt. Zu der Zeit hatten wir viele Ideen und waren hin und wieder auf die Unterst\u00fctzung von Baumaschienen angewiesen. Da das st\u00e4ndige Ausleihen nicht nur kostenintensiv ist, sondern auch die Abholung und das zur\u00fcckbringen sehr [&hellip;]<\/p>\n","protected":false},"author":1,"featured_media":0,"parent":0,"menu_order":0,"comment_status":"closed","ping_status":"closed","template":"","meta":{"footnotes":""},"class_list":["post-29","page","type-page","status-publish","hentry"],"blocksy_meta":[],"_links":{"self":[{"href":"https:\/\/xn--mhroboter-hannover-ltb.de\/index.php?rest_route=\/wp\/v2\/pages\/29"}],"collection":[{"href":"https:\/\/xn--mhroboter-hannover-ltb.de\/index.php?rest_route=\/wp\/v2\/pages"}],"about":[{"href":"https:\/\/xn--mhroboter-hannover-ltb.de\/index.php?rest_route=\/wp\/v2\/types\/page"}],"author":[{"embeddable":true,"href":"https:\/\/xn--mhroboter-hannover-ltb.de\/index.php?rest_route=\/wp\/v2\/users\/1"}],"replies":[{"embeddable":true,"href":"https:\/\/xn--mhroboter-hannover-ltb.de\/index.php?rest_route=%2Fwp%2Fv2%2Fcomments&post=29"}],"version-history":[{"count":29,"href":"https:\/\/xn--mhroboter-hannover-ltb.de\/index.php?rest_route=\/wp\/v2\/pages\/29\/revisions"}],"predecessor-version":[{"id":2531,"href":"https:\/\/xn--mhroboter-hannover-ltb.de\/index.php?rest_route=\/wp\/v2\/pages\/29\/revisions\/2531"}],"wp:attachment":[{"href":"https:\/\/xn--mhroboter-hannover-ltb.de\/index.php?rest_route=%2Fwp%2Fv2%2Fmedia&parent=29"}],"curies":[{"name":"wp","href":"https:\/\/api.w.org\/{rel}","templated":true}]}}