{"id":281,"date":"2024-08-16T12:55:02","date_gmt":"2024-08-16T12:55:02","guid":{"rendered":"http:\/\/xn--mhroboter-hannover-ltb.de\/?page_id=281"},"modified":"2025-02-11T18:29:47","modified_gmt":"2025-02-11T18:29:47","slug":"app-steuerung","status":"publish","type":"page","link":"https:\/\/xn--mhroboter-hannover-ltb.de\/?page_id=281","title":{"rendered":"App-Steuerung"},"content":{"rendered":"\t\t<div data-elementor-type=\"wp-page\" data-elementor-id=\"281\" class=\"elementor elementor-281\">\n\t\t\t\t<div class=\"elementor-element elementor-element-75a09c6 e-flex e-con-boxed e-con e-parent\" data-id=\"75a09c6\" data-element_type=\"container\">\n\t\t\t\t\t<div class=\"e-con-inner\">\n\t\t\t\t<div class=\"elementor-element elementor-element-c49f70d elementor-widget elementor-widget-heading\" data-id=\"c49f70d\" data-element_type=\"widget\" data-widget_type=\"heading.default\">\n\t\t\t\t<div class=\"elementor-widget-container\">\n\t\t\t<h2 class=\"elementor-heading-title elementor-size-default\">Steuerung per Smartphone<\/h2>\t\t<\/div>\n\t\t\t\t<\/div>\n\t\t\t\t\t<\/div>\n\t\t\t\t<\/div>\n\t\t<div class=\"elementor-element elementor-element-cdf2b92 e-flex e-con-boxed e-con e-parent\" data-id=\"cdf2b92\" data-element_type=\"container\">\n\t\t\t\t\t<div class=\"e-con-inner\">\n\t\t\t\t<div class=\"elementor-element elementor-element-311cc70 elementor-widget elementor-widget-text-editor\" data-id=\"311cc70\" data-element_type=\"widget\" data-widget_type=\"text-editor.default\">\n\t\t\t\t<div class=\"elementor-widget-container\">\n\t\t\t\t\t\t\t<!-- wp:paragraph --><!-- \/wp:paragraph --><!-- wp:paragraph -->\n<p>Alle Hersteller von M\u00e4hrobotern die wir in unserem Sortiment f\u00fchren, bieten in einigen Modellen die M\u00f6glichkeit der Steuerung per Smartphone-App. Dadurch haben Sie die M\u00f6glichkeit, jederzeit und \u00fcberall den Status Ihres M\u00e4hroboters abzurufen oder neue Anweisungen zu erteilen. Welche Modelle genau \u00fcber diese Option verf\u00fcgen, sehen Sie in der \u00dcbersicht der M\u00e4hroboter-Modelle von Husqvarna, Al-Ko und Robomow.<\/p>\n<!-- \/wp:paragraph --><!-- wp:paragraph --><!-- \/wp:paragraph --><!-- wp:paragraph --><!-- \/wp:paragraph --><!-- wp:paragraph --><!-- \/wp:paragraph -->\t\t\t\t\t\t<\/div>\n\t\t\t\t<\/div>\n\t\t\t\t\t<\/div>\n\t\t\t\t<\/div>\n\t\t<div class=\"elementor-element elementor-element-b18c5f7 e-flex e-con-boxed e-con e-parent\" data-id=\"b18c5f7\" data-element_type=\"container\">\n\t\t\t\t\t<div class=\"e-con-inner\">\n\t\t<div class=\"elementor-element elementor-element-385771c e-con-full e-flex e-con e-child\" data-id=\"385771c\" data-element_type=\"container\">\n\t\t\t\t<div class=\"elementor-element elementor-element-193bc3c elementor-widget elementor-widget-text-editor\" data-id=\"193bc3c\" data-element_type=\"widget\" data-widget_type=\"text-editor.default\">\n\t\t\t\t<div class=\"elementor-widget-container\">\n\t\t\t\t\t\t\t<p><strong>Husqvarna Connect<\/strong><\/p>\n<p><!-- \/wp:paragraph --><!-- wp:paragraph --><!-- \/wp:paragraph --><!-- wp:paragraph --><\/p>\n<p>Mit Automower\u00ae Connect haben Sie die M\u00f6glichkeit Start-, Stopp- und Parkbefehle f\u00fcr Ihren M\u00e4hroboter \u00fcber die App auf<\/p>\n<p><!-- \/wp:paragraph --><!-- wp:paragraph --><\/p>\n<p>Ihrem Smartphone zu senden, egal wo Sie sich befinden. Dar\u00fcber hinaus k\u00f6nnen Sie M\u00e4heinstellungen einsehen und ver\u00e4ndern oder den Standort<\/p>\n<p><!-- \/wp:paragraph --><!-- wp:paragraph --><\/p>\n<p>Ihres M\u00e4hroboters via GPS orten. Die kostenlose App ist im App Store und Google Play Store erh\u00e4ltlich.<\/p>\n<p><!-- \/wp:paragraph --><!-- wp:paragraph --><\/p>\n<p>Folgende Modelle enthalten das Connect-Modul Serienm\u00e4\u00dfig :<\/p>\n<p><!-- \/wp:paragraph --><!-- wp:paragraph --><\/p>\n<ul>\n<li>Husqvarna Automower 315X<\/li>\n<li>Husqvarna Automower 430X<\/li>\n<li>Husqvarna Automower 450X<\/li>\n<\/ul>\n<p>Die Nachr\u00fcstung mit dem Connect-Modul ist vorgesehen bei den Modellen :<\/p>\n<p><!-- \/wp:paragraph --><!-- wp:paragraph --><\/p>\n<ul>\n<li>Husqvarna Automower 310<\/li>\n<li>Husqvarna Automower 315<\/li>\n<li>Husqvarna Automower 420<\/li>\n<li>Husqvarna Automower 440<\/li>\n<\/ul>\n<p><!-- \/wp:paragraph --><!-- wp:paragraph --><\/p>\n<p><!-- \/wp:paragraph --><!-- wp:paragraph --><\/p>\n<p><!-- \/wp:paragraph --><!-- wp:paragraph --><\/p>\n<p><!-- \/wp:paragraph --><!-- wp:paragraph --><\/p>\t\t\t\t\t\t<\/div>\n\t\t\t\t<\/div>\n\t\t\t\t<\/div>\n\t\t\t\t<div class=\"elementor-element elementor-element-e5df2eb elementor-widget__width-initial elementor-widget elementor-widget-image\" data-id=\"e5df2eb\" data-element_type=\"widget\" data-widget_type=\"image.default\">\n\t\t\t\t<div class=\"elementor-widget-container\">\n\t\t\t\t\t\t\t\t\t\t\t\t\t<img fetchpriority=\"high\" decoding=\"async\" width=\"1024\" height=\"683\" src=\"https:\/\/xn--mhroboter-hannover-ltb.de\/wp-content\/uploads\/2021\/03\/H350-0437.jpg\" class=\"attachment-large size-large wp-image-2452\" alt=\"\" \/>\t\t\t\t\t\t\t\t\t\t\t\t\t<\/div>\n\t\t\t\t<\/div>\n\t\t\t\t\t<\/div>\n\t\t\t\t<\/div>\n\t\t<div class=\"elementor-element elementor-element-d39a070 e-flex e-con-boxed e-con e-parent\" data-id=\"d39a070\" data-element_type=\"container\">\n\t\t\t\t\t<div class=\"e-con-inner\">\n\t\t\t\t<div class=\"elementor-element elementor-element-bf934b7 elementor-widget elementor-widget-text-editor\" data-id=\"bf934b7\" data-element_type=\"widget\" data-widget_type=\"text-editor.default\">\n\t\t\t\t<div class=\"elementor-widget-container\">\n\t\t\t\t\t\t\t<p><strong>Bleiben Sie auf dem Laufenden<\/strong><\/p>\n<p><!-- \/wp:paragraph --><!-- wp:paragraph --><\/p>\n<p>Holen Sie sich eine schnelle \u00dcbersicht \u00fcber den M\u00e4herstatus, den M\u00e4hfortschritt und den n\u00e4chsten geplanten Einsatz!<\/p>\n<p><!-- \/wp:paragraph --><!-- wp:paragraph --><\/p>\n<p>Interaktion \u00fcber eine gewisse Entfernung<\/p>\n<p><!-- \/wp:paragraph --><!-- wp:paragraph --><\/p>\n<p>Weisen Sie den M\u00e4her im Handumdrehen an, zu m\u00e4hen, zur\u00fcck zur Ladestation zu kehren, die automatische Abfahrt zu deaktivieren, und programmieren Sie Ihren M\u00e4hzeitplan.<\/p>\n<p><!-- \/wp:paragraph --><!-- wp:paragraph --><\/p>\n<p>Genie\u00dfen Sie das M\u00e4hen<\/p>\n<p><!-- \/wp:paragraph --><!-- wp:paragraph --><\/p>\n<p>So k\u00f6nnen Sie bspw. kleine Vorg\u00e4rten m\u00e4hen und m\u00fchelos von einem Garten zum n\u00e4chsten navigieren.<\/p>\n<p><!-- \/wp:paragraph --><!-- wp:paragraph --><\/p>\n<p>Fernwartung<\/p>\n<p><!-- \/wp:paragraph --><!-- wp:paragraph --><\/p>\n<p>Holen Sie sich sofortige Hilfe, Onlinediagnosen und technische Fehlerbehebung bequem per Fernzugriff!<\/p>\t\t\t\t\t\t<\/div>\n\t\t\t\t<\/div>\n\t\t\t\t\t<\/div>\n\t\t\t\t<\/div>\n\t\t\t\t<\/div>\n\t\t","protected":false},"excerpt":{"rendered":"<p>Steuerung per Smartphone Alle Hersteller von M\u00e4hrobotern die wir in unserem Sortiment f\u00fchren, bieten in einigen Modellen die M\u00f6glichkeit der Steuerung per Smartphone-App. Dadurch haben Sie die M\u00f6glichkeit, jederzeit und \u00fcberall den Status Ihres M\u00e4hroboters abzurufen oder neue Anweisungen zu erteilen. Welche Modelle genau \u00fcber diese Option verf\u00fcgen, sehen Sie in der \u00dcbersicht der M\u00e4hroboter-Modelle [&hellip;]<\/p>\n","protected":false},"author":1,"featured_media":0,"parent":0,"menu_order":0,"comment_status":"closed","ping_status":"closed","template":"","meta":{"footnotes":""},"class_list":["post-281","page","type-page","status-publish","hentry"],"blocksy_meta":[],"_links":{"self":[{"href":"https:\/\/xn--mhroboter-hannover-ltb.de\/index.php?rest_route=\/wp\/v2\/pages\/281"}],"collection":[{"href":"https:\/\/xn--mhroboter-hannover-ltb.de\/index.php?rest_route=\/wp\/v2\/pages"}],"about":[{"href":"https:\/\/xn--mhroboter-hannover-ltb.de\/index.php?rest_route=\/wp\/v2\/types\/page"}],"author":[{"embeddable":true,"href":"https:\/\/xn--mhroboter-hannover-ltb.de\/index.php?rest_route=\/wp\/v2\/users\/1"}],"replies":[{"embeddable":true,"href":"https:\/\/xn--mhroboter-hannover-ltb.de\/index.php?rest_route=%2Fwp%2Fv2%2Fcomments&post=281"}],"version-history":[{"count":8,"href":"https:\/\/xn--mhroboter-hannover-ltb.de\/index.php?rest_route=\/wp\/v2\/pages\/281\/revisions"}],"predecessor-version":[{"id":2540,"href":"https:\/\/xn--mhroboter-hannover-ltb.de\/index.php?rest_route=\/wp\/v2\/pages\/281\/revisions\/2540"}],"wp:attachment":[{"href":"https:\/\/xn--mhroboter-hannover-ltb.de\/index.php?rest_route=%2Fwp%2Fv2%2Fmedia&parent=281"}],"curies":[{"name":"wp","href":"https:\/\/api.w.org\/{rel}","templated":true}]}}