{"id":277,"date":"2024-08-16T12:54:21","date_gmt":"2024-08-16T12:54:21","guid":{"rendered":"http:\/\/xn--mhroboter-hannover-ltb.de\/?page_id=277"},"modified":"2024-09-26T15:42:53","modified_gmt":"2024-09-26T15:42:53","slug":"haeufige-fragen","status":"publish","type":"page","link":"https:\/\/xn--mhroboter-hannover-ltb.de\/?page_id=277","title":{"rendered":"H\u00e4ufige Fragen"},"content":{"rendered":"<p>Wie erfahre ich, welcher Roboter am besten f\u00fcr meinen Garten geeignet ist?<br \/>Wir besuchen Sie gerne vor Ort um uns Ihren Garten genau anzuschauen und Ihnen dann das passende Modell empfehlen. <br \/>Ansonsten k\u00f6nnen Sie auch unseren online-Rasencheck verwenden, wo Sie Angaben zu Ihrem Garten machen k\u00f6nnen um ein unverbindliches Angebot zu erhalten.<\/p>\n<p>Wie lange halten die Messer?<br \/>Je nach Gartengr\u00f6\u00dfe und Beschaffenheit sollten die Klingen alle 8-10 Wochen gewechselt werden! Je h\u00e4ufiger die Klingen gewechselt werden, desto sauberer wird das Schnittbild Ihres Rasens!<\/p>\n<p>Kann ich die Messer selber wechseln?<br \/>Ja, das ist sehr einfach. Es m\u00fcssen nur drei Schrauben gel\u00f6st werden. Beachten Sie jedoch, dass Sie immer alle drei Klingen zusammen wechseln und jedes Mal die neuen mitgelieferten Schrauben verwenden! Andernfalls entsteht eine Unwucht in der Messerwelle die zum Defekt f\u00fchren kann. Dass die Klingen lose schlackern ist normal, sie werden im Betrieb durch die Fliehkr\u00e4fte ausgefahren. Vorsicht auch beim Hantieren mit den neuen Klingen, sie sind sehr scharf! &#8211; [video_lightbox_youtube video_id=&#8220;Q7J9NS9fl_Q&#8220; width=&#8220;1200&#8243; height=&#8220;800&#8243; anchor=&#8220;Video mit Anleitung zum Messerwechsel&#8220;]<\/p>\n<p>Wie reinige ich meinen M\u00e4hroboter?<br \/>Von au\u00dfen reinigen Sie Ihren M\u00e4hroboter am besten mit einem feuchten Mikrofasertuch. F\u00fcr die Unterseite verwenden Sie eine B\u00fcrste. Wichtig! Bespr\u00fchen Sie niemals die Unterseite Ihres Roboters mit dem Gartenschlauch oder gar einem Hochdruckreiniger! Ein Pflegeset mit n\u00fctzlichen Utensilien f\u00fcr die Reinigung Ihres M\u00e4hroboters k\u00f6nnen Sie bei uns im Ladengesch\u00e4ft erwerben.<\/p>\n<p>M\u00e4ht der M\u00e4hroboter auch bei Regen?<br \/>Die Husqvarna-Automower\u00ae sind so konstruiert, dass sie auch bei Regen m\u00e4hen k\u00f6nnen. Rasenschnitt und Schmutz der am M\u00e4her h\u00e4ngen bleibt, f\u00e4llt in der Regel durch die Vibration ab, sobald es wieder trocken ist. Andere Modelle haben einen Regensensor und stellen bei Regen den M\u00e4hbetrieb ein.<\/p>\n<p>Soll ich den M\u00e4hroboter im Winter ins Haus holen?<br \/>Ja, das sollten sie tun. Wir empfehlen Ihnen jedoch, den Roboter zur Winterwartung in unsere Filiale zu bringen, dort bekommt er neben neuen Klingen auch einen Komplettcheck und eine gr\u00fcndliche Reinigung. So k\u00f6nnen Sie sicher sein, dass Ihr flei\u00dfiger Helfer im Fr\u00fchjahr wieder voll einsatzbereit ist.<\/p>\n<p>Kann die Station im Winter drau\u00dfen bleiben?<br \/>Die Station kann den Winter \u00fcber im Garten verbleiben, dabei muss jedoch die Stromversorgung aktiv bleiben, damit die Elektronik warm und trocken bleibt um Korrosion zu vermeiden.<\/p>\n<p>Sind nachtr\u00e4gliche \u00c4nderungen m\u00f6glich?<br \/>Wenn Sie Ver\u00e4nderungen an Ihrem Garten vornehmen wollen, ist das gar kein Problem. Es m\u00fcssen nur die Begrenzungskabel an den betreffenden Stellen ge\u00e4ndert werden. Wir erledigen das sehr gerne f\u00fcr Sie!<\/p>\n<p>Was passiert, wenn ich das Kabel versehentlich durchtrenne?<br \/>Sollten Sie beim Arbeiten im Garten z.B. mit dem Spaten das Begrenzungskabel durchtrennen, ist das halb so schlimm. F\u00fcr Sie besteht keine Gefahr, da nur ein sehr schwacher Strom durch das Kabel flie\u00dft. Der M\u00e4her wird auch nicht Ihr Grundst\u00fcck verlassen oder amok-fahren, sondern einfach stehen bleiben. Wenn m\u00f6glich merken Sie sich die Stelle an der Sie vor dem Ausfall zuletzt gearbeitet haben und rufen Sie uns an!<br \/>Ob das Kabel durchtrennt wurde, erkennen Sie bei den Husqvarna-Ger\u00e4ten an der Lampe in der Ladestation. Ist mit dem Kabel alles In Ordnung, leuchtet sie gr\u00fcn, wurde es durchtrennt, blinkt die Lampe blau.<\/p>\n<p>Hierzu mehr auf der Seite Reparatur<\/p>\n<p>Ist der Automower\u00ae eine Gefahr f\u00fcr Kinder oder Haustiere?<br \/>Die Husqvarna Automower\u00ae haben ein durchdachtes Sicherheitskonzept, dass Verletzungen oder Unf\u00e4lle mit Kindern oder Tieren \u00e4u\u00dferst unwahrscheinlich macht. Der Hersteller empfiehlt jedoch trotzdem, Kinder und Tiere nicht unbeaufsichtigt im Garten zu lassen, wenn der M\u00e4hroboter aktiv ist. Schalten Sie das Ger\u00e4t f\u00fcr diese Zeit aus oder programmieren Sie es am besten so, dass es nur zu Zeiten m\u00e4ht, in denen der Garten nicht in Benutzung ist!<\/p>\n<p>\u00a0<\/p>\n","protected":false},"excerpt":{"rendered":"<p>Wie erfahre ich, welcher Roboter am besten f\u00fcr meinen Garten geeignet ist?Wir besuchen Sie gerne vor Ort um uns Ihren Garten genau anzuschauen und Ihnen dann das passende Modell empfehlen. Ansonsten k\u00f6nnen Sie auch unseren online-Rasencheck verwenden, wo Sie Angaben zu Ihrem Garten machen k\u00f6nnen um ein unverbindliches Angebot zu erhalten. Wie lange halten die [&hellip;]<\/p>\n","protected":false},"author":1,"featured_media":0,"parent":0,"menu_order":0,"comment_status":"closed","ping_status":"closed","template":"","meta":{"footnotes":""},"class_list":["post-277","page","type-page","status-publish","hentry"],"blocksy_meta":[],"_links":{"self":[{"href":"https:\/\/xn--mhroboter-hannover-ltb.de\/index.php?rest_route=\/wp\/v2\/pages\/277"}],"collection":[{"href":"https:\/\/xn--mhroboter-hannover-ltb.de\/index.php?rest_route=\/wp\/v2\/pages"}],"about":[{"href":"https:\/\/xn--mhroboter-hannover-ltb.de\/index.php?rest_route=\/wp\/v2\/types\/page"}],"author":[{"embeddable":true,"href":"https:\/\/xn--mhroboter-hannover-ltb.de\/index.php?rest_route=\/wp\/v2\/users\/1"}],"replies":[{"embeddable":true,"href":"https:\/\/xn--mhroboter-hannover-ltb.de\/index.php?rest_route=%2Fwp%2Fv2%2Fcomments&post=277"}],"version-history":[{"count":4,"href":"https:\/\/xn--mhroboter-hannover-ltb.de\/index.php?rest_route=\/wp\/v2\/pages\/277\/revisions"}],"predecessor-version":[{"id":302,"href":"https:\/\/xn--mhroboter-hannover-ltb.de\/index.php?rest_route=\/wp\/v2\/pages\/277\/revisions\/302"}],"wp:attachment":[{"href":"https:\/\/xn--mhroboter-hannover-ltb.de\/index.php?rest_route=%2Fwp%2Fv2%2Fmedia&parent=277"}],"curies":[{"name":"wp","href":"https:\/\/api.w.org\/{rel}","templated":true}]}}