{"id":2552,"date":"2025-11-09T13:55:36","date_gmt":"2025-11-09T13:55:36","guid":{"rendered":"https:\/\/xn--mhroboter-hannover-ltb.de\/?page_id=2552"},"modified":"2025-11-09T13:55:36","modified_gmt":"2025-11-09T13:55:36","slug":"agb-2","status":"publish","type":"page","link":"https:\/\/xn--mhroboter-hannover-ltb.de\/?page_id=2552","title":{"rendered":"AGB"},"content":{"rendered":"\n<h1 class=\"wp-block-heading\">Allgemeine Gesch\u00e4ftsbedingungen (AGB)<\/h1>\n\n\n\n<h2 class=\"wp-block-heading\">1. Geltungsbereich<\/h2>\n\n\n\n<p>Diese Allgemeinen Gesch\u00e4ftsbedingungen (AGB) gelten f\u00fcr alle Vertr\u00e4ge, die zwischen uns als Anbieter (Firma K\u00fcgler, Gartenger\u00e4te) \u2013 nachfolgend \u201ewir\u201c oder \u201eVerk\u00e4ufer\u201c \u2013 und unseren Kunden geschlossen werden. Dies umfasst sowohl Eink\u00e4ufe in unserem station\u00e4ren Gesch\u00e4ft als auch Onlineeink\u00e4ufe \u00fcber Google, Instagram und Kleinanzeigen. Soweit nicht anders vereinbart, wird der Einbeziehung gegebenenfalls von Ihnen verwendeter eigener Bedingungen widersprochen.<br><br>Verbraucher im Sinne dieser AGB ist jede nat\u00fcrliche Person, die ein Rechtsgesch\u00e4ft zu Zwecken abschlie\u00dft, die \u00fcberwiegend weder ihrer gewerblichen noch ihrer selbst\u00e4ndigen beruflichen T\u00e4tigkeit zugerechnet werden k\u00f6nnen (\u00a7 13 BGB). Unternehmer ist eine nat\u00fcrliche oder juristische Person oder eine rechtsf\u00e4hige Personengesellschaft, die bei Abschluss des Rechtsgesch\u00e4fts in Aus\u00fcbung ihrer gewerblichen oder selbst\u00e4ndigen beruflichen T\u00e4tigkeit handelt (\u00a7 14 BGB).<\/p>\n\n\n\n<h2 class=\"wp-block-heading\">2. Vertragsschluss<\/h2>\n\n\n\n<p>Gegenstand des Vertrages sind der Verkauf von Waren und \/ oder die von uns angebotenen Dienstleistungen, insbesondere:<\/p>\n\n\n\n<ul class=\"wp-block-list\">\n<li>Beratung, Installation und Einrichtung von M\u00e4hrobotern<\/li>\n\n\n\n<li>Wartungs- und Reparaturarbeiten<\/li>\n\n\n\n<li>Schulungen und Einweisungen<\/li>\n<\/ul>\n\n\n\n<p>Der konkrete Leistungsumfang ergibt sich aus dem jeweiligen Angebot oder der Auftragsbest\u00e4tigung.<\/p>\n\n\n\n<p>Im station\u00e4ren Gesch\u00e4ft kommt der Vertrag mit Unterzeichnung des Auftragsformulars, Annahme des Angebots oder mit Erbringung der Dienstleistung zustande. Der Kaufvertrag kommt durch Bezahlung und \u00dcbergabe der Ware zustande.<\/p>\n\n\n\n<p>Bei Online-\/Fernabsatzgesch\u00e4ften kommt der Vertrag zustande, wenn der Kunde ein verbindliches Angebot abgibt (z. B. per E-Mail) und wir dieses annehmen. Die Darstellung der Produkte im Online-Shop stellt kein verbindliches Angebot dar, sondern eine Aufforderung zur Bestellung. Der Vertrag kommt erst durch unsere ausdr\u00fcckliche Annahme oder durch Lieferung der Ware zustande.<\/p>\n\n\n\n<p>Ihre Anfragen zur Erstellung eines Angebotes sind f\u00fcr Sie unverbindlich. Wir unterbreiten Ihnen hierzu ein verbindliches Angebot in Textform (z.B. per E-Mail), welches Sie innerhalb von 5 Tagen (soweit im jeweiligen Angebot keine andere Frist ausgewiesen ist) annehmen k\u00f6nnen.<\/p>\n\n\n\n<p>Die Abwicklung der Bestellung und \u00dcbermittlung aller im Zusammenhang mit dem Vertragsschluss erforderlichen Informationen erfolgt per E-Mail zum Teil automatisiert. Sie haben deshalb sicherzustellen, dass die von Ihnen bei uns hinterlegte E-Mail-Adresse zutreffend ist, der Empfang der E-Mails technisch sichergestellt und insbesondere nicht durch SPAM-Filter verhindert wird.<\/p>\n\n\n\n<h2 class=\"wp-block-heading\">3. Preise und Zahlungsbedingungen<\/h2>\n\n\n\n<p>Alle Preise sind Endpreise in Euro und enthalten die gesetzliche Mehrwertsteuer.<br>&#8211; Im station\u00e4ren Handel gelten die am Verkaufstag ausgezeichneten Preise. F\u00fcr Dienstleistungen gelten die im Angebot oder der Auftragsbest\u00e4tigung genannten Preise.<br>&#8211; Online gelten die zum Zeitpunkt der Bestellung angegebenen Preise zzgl. Versandkosten.<br>&#8211; Akzeptierte Zahlungsarten: Barzahlung, EC-\/Kreditkarte, Vorkasse per \u00dcberweisung und PayPal.<\/p>\n\n\n\n<p>Alle Preise verstehen sich inkl. der gesetzlichen Mehrwertsteuer, sofern nichts anderes vereinbart ist.<\/p>\n\n\n\n<p>Die Zahlung ist sofort nach Rechnungserhalt f\u00e4llig, sofern keine andere Vereinbarung getroffen wurde.<\/p>\n\n\n\n<p>Bei Auswahl einer Zahlungsart, die \u00fcber &#8222;PayPal&#8220; \/ &#8222;PayPal Checkout&#8220; angeboten wird, erfolgt die Zahlungsabwicklung \u00fcber den Zahlungsdienstleister PayPal (Europe) S.\u00e0.r.l. et Cie, S.C.A. (22-24 Boulevard Royal L-2449, Luxemburg; &#8222;PayPal&#8220;).<\/p>\n\n\n\n<p>F\u00fcr die Zahlungsabwicklung kann sich &#8222;PayPal&#8220; weiterer Zahlungsdienste bedienen; soweit hierf\u00fcr besondere Zahlungsbedingungen gelten, werden Sie auf diese gesondert hingewiesen. N\u00e4here Informationen zu &#8222;PayPal&#8220; finden Sie unter&nbsp;<a href=\"https:\/\/www.paypal.com\/de\/webapps\/mpp\/ua\/legalhub-full\" target=\"_blank\" rel=\"noreferrer noopener\">https:\/\/www.paypal.com\/de\/webapps\/mpp\/ua\/legalhub-full<\/a>.<br><br><br><\/p>\n\n\n\n<h2 class=\"wp-block-heading\">4. Lieferung, Abholung und Installation und Mitwirkungspflichten<\/h2>\n\n\n\n<p>Station\u00e4r: Der Kunde nimmt die Ware direkt im Gesch\u00e4ft in Empfang oder es wird eine Lieferung bzw. Leistung vor Ort vereinbart. Termine f\u00fcr die Leistungserbringung werden individuell vereinbart. Der Kunde ist verpflichtet, notwendige Mitwirkungshandlungen zu erbringen (z. B. Zugang zu Grundst\u00fcck\/Fl\u00e4chen, Bereitstellung von Stromanschl\u00fcssen, Schnitt der Rasenfl\u00e4che und sonstige individuell vereinbarte Vorbereitungsma\u00dfnahmen). Kommt der Kunde seinen Mitwirkungspflichten nicht nach, k\u00f6nnen dadurch entstehende Verz\u00f6gerungen oder Mehrkosten berechnet werden.<br><br>Online: Lieferung an die vom Kunden angegebene Adresse. Lieferzeiten werden nach Zahlungseingang individuell vereinbart. Die \u00dcbergabe an den Versanddienstleister erfolgt i. d. R. binnen 3 Werktagen nach Zahlungseingang. Die regul\u00e4re Lieferzeit betr\u00e4gt 1 Woche.<\/p>\n\n\n\n<p>Versandkosten werden im Angebot ausgewiesen oder sind vorher zu vereinbaren.<\/p>\n\n\n\n<p>Soweit Sie Verbraucher sind, ist gesetzlich geregelt, dass die Gefahr des zuf\u00e4lligen Untergangs und der zuf\u00e4lligen Verschlechterung der verkauften Sache w\u00e4hrend der Versendung erst mit der \u00dcbergabe der Ware an Sie \u00fcbergeht, unabh\u00e4ngig davon, ob die Versendung versichert oder unversichert erfolgt. Dies gilt nicht, wenn Sie eigenst\u00e4ndig ein nicht vom Unternehmer benanntes Transportunternehmen oder eine sonst zur Ausf\u00fchrung der Versendung bestimmte Person beauftragt haben.<\/p>\n\n\n\n<p>Transportsch\u00e4den sind binnen 7 Werktagen mitzuteilen. Andernfalls gehen wir davon aus, dass die Ware ihren Empf\u00e4nger unbesch\u00e4digt erreicht hat.<\/p>\n\n\n\n<p>Die Lieferung \/ Ausf\u00fchrung des Artikels erfolgt i. d. R. Original verpackt.<\/p>\n\n\n\n<p>Bei Gebrauchtger\u00e4ten erfolgt die Lieferung \/ Ausf\u00fchrung des Artikels in einer daf\u00fcr geeigneten Verpackung, sofern die Originalverpackung nicht mehr vorhanden ist.<\/p>\n\n\n\n<p><strong>Kartonverpackt:<\/strong><br>Die Ware wird Ihnen Kartonverpackt geliefert. Die Ware ist Teilzerlegt. Fl\u00fcssigkeiten sind nicht gepr\u00fcft oder aufgef\u00fcllt worden.<\/p>\n\n\n\n<p><strong>Betriebsbereit:<\/strong><br>Die Ware wird Betriebsbereit zu Ihnen geliefert. Es wurde eine \u00dcbergabeinspektion durchgef\u00fchrt. Alle Fl\u00fcssigkeiten au\u00dfer Kraftstoff wurden gepr\u00fcft und aufgef\u00fcllt. Probelauf wurde durchgef\u00fchrt. Das Ger\u00e4t ist Teilweise zusammengebaut. Fangkorb, oder Zubeh\u00f6r Anh\u00e4nger werden nicht zusammengebaut.<\/p>\n\n\n\n<p><strong>Komplett zusammengebaut:<\/strong><br>Die Ware wird betriebsbereit zu Ihnen geliefert. Es wurde eine \u00dcbergabeinspektion durchgef\u00fchrt. Alle Fl\u00fcssigkeiten au\u00dfer Kraftstoff wurden gepr\u00fcft und aufgef\u00fcllt. Probelauf wurde durchgef\u00fchrt. Das Ger\u00e4t ist komplett zusammengebaut und sofort Einsatzbereit. Nur m\u00f6glich bei Selbstabholung oder in unseren Liefergebiet 30890 Barsinghausen Umkreis ca. 50 km.<\/p>\n\n\n\n<p>Eine optionale Installation\/Einweisung vor Ort kann gegen Aufpreis vereinbart werden.<\/p>\n\n\n\n<h2 class=\"wp-block-heading\">5. Eigentumsvorbehalt<\/h2>\n\n\n\n<p>Die Ware bleibt bis zur vollst\u00e4ndigen Zahlung des Kaufpreises unser Eigentum.<br><br><br><\/p>\n\n\n\n<p>Soweit f\u00fcr die Nutzung der von uns gelieferten Produkte (z. B. M\u00e4hroboter) zus\u00e4tzliche Software, digitale Inhalte oder Freischaltcodes erforderlich sind, r\u00e4umen wir dem Kunden die hierf\u00fcr notwendigen Nutzungsrechte erst nach vollst\u00e4ndiger Bezahlung der vereinbarten Verg\u00fctung ein.<\/p>\n\n\n\n<p>Bis zur vollst\u00e4ndigen Zahlung sind derartige Codes, Software-Updates oder digitale Dienste gesperrt oder werden nicht herausgegeben.<\/p>\n\n\n\n<p>Dies l\u00e4sst die gesetzlichen Gew\u00e4hrleistungsrechte des Kunden unber\u00fchrt.<\/p>\n\n\n\n<h2 class=\"wp-block-heading\">6. Widerrufsrecht<\/h2>\n\n\n\n<p>Verbrauchern steht bei au\u00dferhalb von Gesch\u00e4ftsr\u00e4umen geschlossenen Vertr\u00e4gen und bei Fernabsatzvertr\u00e4gen (z. B. Online-Bestellungen) ein gesetzliches Widerrufsrecht zu.<br>F\u00fcr Eink\u00e4ufe im station\u00e4ren Handel besteht kein gesetzliches Widerrufsrecht. Unternehmer (B2B-Kunden) haben grunds\u00e4tzlich kein Widerrufsrecht.<br><br>Die Einzelheiten ergeben sich aus der nachfolgenden Widerrufsbelehrung.<\/p>\n\n\n\n<h1 class=\"wp-block-heading\">Widerrufsbelehrung<\/h1>\n\n\n\n<p>Sie haben das Recht, binnen vierzehn Tagen ohne Angabe von Gr\u00fcnden diesen Vertrag zu widerrufen.<br><br>Die Widerrufsfrist betr\u00e4gt vierzehn Tage ab dem Tag,<br>&#8211; an dem Sie oder ein von Ihnen benannter Dritter die Waren in Besitz genommen haben, bzw. hat, sofern Sie eine oder mehrere Waren im Rahmen einer einheitlichen Bestellung bestellt haben und diese einheitlich geliefert wird bzw. werden; oder<br>&#8211; bei Teillieferungen: ab dem Tag, an dem die letzte Teillieferung in Besitz genommen wurde.<br><br>Um Ihr Widerrufsrecht auszu\u00fcben, m\u00fcssen Sie uns [Firma Ingo K\u00fcgler, Gartenger\u00e4te, Egestorfer Str. 38, 30890 Barsinghausen, 05105 7796100, info@kuegler-barsinghausen.de] mittels einer eindeutigen Erkl\u00e4rung (z.B. ein mit der Post versandter Brief oder eine E-Mail) \u00fcber Ihren Entschluss, diesen Vertrag zu widerrufen, informieren. Sie k\u00f6nnen daf\u00fcr das beigef\u00fcgte Muster-Widerrufsformular verwenden, das jedoch nicht vorgeschrieben ist.<br><br><br><\/p>\n\n\n\n<p>Zur Wahrung der Widerrufsfrist reicht es aus, dass Sie die Mitteilung \u00fcber die Aus\u00fcbung des Widerrufsrechts vor Ablauf der Widerrufsfrist absenden.<\/p>\n\n\n\n<p><br><strong>Folgen des Widerrufs:<\/strong><\/p>\n\n\n\n<p>Wenn Sie diesen Vertrag widerrufen, haben wir Ihnen alle Zahlungen, die wir von Ihnen erhalten haben, einschlie\u00dflich der Lieferkosten (mit Ausnahme der zus\u00e4tzlichen Kosten, die sich daraus ergeben, dass Sie eine andere Art der Lieferung als die von uns angebotene g\u00fcnstigste Standardlieferung gew\u00e4hlt haben), unverz\u00fcglich und sp\u00e4testens binnen vierzehn Tagen ab dem Tag zur\u00fcckzuzahlen, an dem die Mitteilung \u00fcber Ihren Widerruf dieses Vertrags bei uns eingegangen ist.<\/p>\n\n\n\n<p>F\u00fcr diese R\u00fcckzahlung verwenden wir dasselbe Zahlungsmittel, das Sie bei der urspr\u00fcnglichen Transaktion eingesetzt haben, es sei denn, mit Ihnen wurde ausdr\u00fccklich etwas anderes vereinbart; in keinem Fall werden Ihnen wegen dieser R\u00fcckzahlung Entgelte berechnet.<\/p>\n\n\n\n<p>Wir k\u00f6nnen die R\u00fcckzahlung verweigern, bis wir die Waren wieder zur\u00fcckerhalten haben oder bis Sie den Nachweis erbracht haben, dass Sie die Waren zur\u00fcckgesandt haben, je nachdem, welches der fr\u00fchere Zeitpunkt ist.<\/p>\n\n\n\n<p>Sie haben die Waren unverz\u00fcglich und in jedem Fall sp\u00e4testens binnen vierzehn Tagen ab dem Tag, an dem Sie uns \u00fcber den Widerruf dieses Vertrags unterrichten, an uns zur\u00fcckzusenden oder zu \u00fcbergeben. Die Frist ist gewahrt, wenn Sie die Waren vor Ablauf der Frist von vierzehn Tagen absenden.<\/p>\n\n\n\n<p><strong>Sie tragen die unmittelbaren Kosten der R\u00fccksendung der Waren.<\/strong><br>Bei Waren, die aufgrund ihrer Beschaffenheit nicht normal mit der Post zur\u00fcckgesandt werden k\u00f6nnen (z. B. Speditionsware), werden diese Kosten auf h\u00f6chstens etwa 250 \u20ac gesch\u00e4tzt.<\/p>\n\n\n\n<p>Sie m\u00fcssen f\u00fcr einen etwaigen Wertverlust der Waren nur aufkommen, wenn dieser Wertverlust auf einen zur Pr\u00fcfung der Beschaffenheit, Eigenschaften und Funktionsweise der Waren nicht notwendigen Umgang mit ihnen zur\u00fcckzuf\u00fchren ist.<\/p>\n\n\n\n<h2 class=\"wp-block-heading\">Muster-Widerrufsformular<\/h2>\n\n\n\n<p>Wenn Sie den Vertrag widerrufen wollen, f\u00fcllen Sie bitte dieses Formular aus und senden Sie es zur\u00fcck.<br><br>An<\/p>\n\n\n\n<p>Firma Ingo K\u00fcgler Gartenger\u00e4te<\/p>\n\n\n\n<p>Ingo K\u00fcgler<\/p>\n\n\n\n<p>Egestorfer Str. 38<\/p>\n\n\n\n<p>30890 Barsinghausen<\/p>\n\n\n\n<p>E-Mail-Adresse: info@kuegler-barsinghausen.de:<br><br>Hiermit widerrufe(n) ich\/wir (*) den von mir\/uns abgeschlossenen Vertrag \u00fcber den Kauf der folgenden Waren:<br>_______________________________________________________<br><br>Bestellt am (*) __________ \/ erhalten am (*) __________<br><br>Name des\/der Verbraucher(s): ___________________________<br><br>Anschrift des\/der Verbraucher(s): ________________________<br><br>Unterschrift des\/der Verbraucher(s) (nur bei Mitteilung auf Papier)<br><br>Datum: ____________________<br><br>(*) Unzutreffendes streichen.<\/p>\n\n\n\n<h2 class=\"wp-block-heading\">8. Gew\u00e4hrleistung und Garantie<\/h2>\n\n\n\n<p>Es gelten die gesetzlichen Gew\u00e4hrleistungsrechte. Herstellergarantien bleiben unber\u00fchrt.<\/p>\n\n\n\n<p>F\u00fcr Verbraucher gelten die gesetzlichen Gew\u00e4hrleistungsrechte.<br>Bei gebrauchten Waren betr\u00e4gt die Gew\u00e4hrleistungsfrist ein Jahr ab Ablieferung der Ware, sofern wir dies ausdr\u00fccklich vereinbart haben.<br><br>Von der Gew\u00e4hrleistung ausgenommen sind Sch\u00e4den, die durch unsachgem\u00e4\u00dfe Nutzung, normalen Verschlei\u00df oder mangelnde Pflege entstanden sind.<br>Herstellergarantien bleiben hiervon unber\u00fchrt.<\/p>\n\n\n\n<p>Gegen\u00fcber Unternehmern ist die Gew\u00e4hrleistung f\u00fcr gebrauchte Waren ausgeschlossen. F\u00fcr neue Waren betr\u00e4gt die Gew\u00e4hrleistungsfrist ein Jahr ab \u00dcbergabe der Ware.<\/p>\n\n\n\n<p>Von den vorgenannten Regelungen ausgenommen sind Schadensersatzanspr\u00fcche wegen Sch\u00e4den aus der Verletzung des Lebens, des K\u00f6rpers oder der Gesundheit sowie Anspr\u00fcche wegen vors\u00e4tzlicher oder grob fahrl\u00e4ssiger Pflichtverletzung.<\/p>\n\n\n\n<p><strong>Rechtswahl, Erf\u00fcllungsort, Gerichtsstand<\/strong><br><br><strong>(1)<\/strong>&nbsp;Es gilt deutsches Recht. Bei Verbrauchern gilt diese Rechtswahl nur, soweit hierdurch der durch zwingende Bestimmungen des Rechts des Staates des gew\u00f6hnlichen Aufenthaltes des Verbrauchers gew\u00e4hrte Schutz nicht entzogen wird (G\u00fcnstigkeitsprinzip).<br><br><strong>(2)<\/strong>&nbsp;Erf\u00fcllungsort f\u00fcr alle Leistungen aus den mit uns bestehenden Gesch\u00e4ftsbeziehungen sowie Gerichtsstand ist unser Sitz, soweit Sie nicht Verbraucher, sondern Kaufmann, juristische Person des \u00f6ffentlichen Rechts oder \u00f6ffentlich-rechtliches Sonderverm\u00f6gen sind.&nbsp;Dasselbe gilt, wenn Sie keinen allgemeinen Gerichtsstand in Deutschland oder der EU haben oder der Wohnsitz oder gew\u00f6hnliche Aufenthalt im Zeitpunkt der Klageerhebung nicht bekannt ist. Die Befugnis, auch das Gericht an einem anderen gesetzlichen Gerichtsstand anzurufen, bleibt hiervon unber\u00fchrt.<\/p>\n\n\n\n<h2 class=\"wp-block-heading\">9. Haftung<\/h2>\n\n\n\n<p>Wir haften unbeschr\u00e4nkt bei Vorsatz oder grober Fahrl\u00e4ssigkeit. Bei einfacher Fahrl\u00e4ssigkeit haften wir nur bei Verletzung wesentlicher Vertragspflichten sowie f\u00fcr Sch\u00e4den aus Verletzung von Leben, K\u00f6rper oder Gesundheit. (braucht man das? \u2013 ist ja oben schon erw\u00e4hnt)<\/p>\n\n\n\n<h2 class=\"wp-block-heading\">10. Streitbeilegung<\/h2>\n\n\n\n<p>Die EU-Kommission stellt eine Plattform zur Online-Streitbeilegung bereit: https:\/\/ec.europa.eu\/consumers\/odr. Wir sind nicht verpflichtet und nicht bereit, an einem Streitbeilegungsverfahren vor einer Verbraucherschlichtungsstelle teilzunehmen.<\/p>\n\n\n\n<h2 class=\"wp-block-heading\">11. Schlussbestimmungen<\/h2>\n\n\n\n<p>Es gilt das Recht der Bundesrepublik Deutschland unter Ausschluss des UN-Kaufrechts. Sollten einzelne Bestimmungen dieser AGB unwirksam sein, bleibt die Wirksamkeit der \u00fcbrigen Bestimmungen unber\u00fchrt.<\/p>\n","protected":false},"excerpt":{"rendered":"<p>Allgemeine Gesch\u00e4ftsbedingungen (AGB) 1. Geltungsbereich Diese Allgemeinen Gesch\u00e4ftsbedingungen (AGB) gelten f\u00fcr alle Vertr\u00e4ge, die zwischen uns als Anbieter (Firma K\u00fcgler, Gartenger\u00e4te) \u2013 nachfolgend \u201ewir\u201c oder \u201eVerk\u00e4ufer\u201c \u2013 und unseren Kunden geschlossen werden. Dies umfasst sowohl Eink\u00e4ufe in unserem station\u00e4ren Gesch\u00e4ft als auch Onlineeink\u00e4ufe \u00fcber Google, Instagram und Kleinanzeigen. Soweit nicht anders vereinbart, wird der Einbeziehung [&hellip;]<\/p>\n","protected":false},"author":1,"featured_media":0,"parent":0,"menu_order":0,"comment_status":"closed","ping_status":"closed","template":"","meta":{"footnotes":""},"class_list":["post-2552","page","type-page","status-publish","hentry"],"blocksy_meta":[],"_links":{"self":[{"href":"https:\/\/xn--mhroboter-hannover-ltb.de\/index.php?rest_route=\/wp\/v2\/pages\/2552"}],"collection":[{"href":"https:\/\/xn--mhroboter-hannover-ltb.de\/index.php?rest_route=\/wp\/v2\/pages"}],"about":[{"href":"https:\/\/xn--mhroboter-hannover-ltb.de\/index.php?rest_route=\/wp\/v2\/types\/page"}],"author":[{"embeddable":true,"href":"https:\/\/xn--mhroboter-hannover-ltb.de\/index.php?rest_route=\/wp\/v2\/users\/1"}],"replies":[{"embeddable":true,"href":"https:\/\/xn--mhroboter-hannover-ltb.de\/index.php?rest_route=%2Fwp%2Fv2%2Fcomments&post=2552"}],"version-history":[{"count":1,"href":"https:\/\/xn--mhroboter-hannover-ltb.de\/index.php?rest_route=\/wp\/v2\/pages\/2552\/revisions"}],"predecessor-version":[{"id":2553,"href":"https:\/\/xn--mhroboter-hannover-ltb.de\/index.php?rest_route=\/wp\/v2\/pages\/2552\/revisions\/2553"}],"wp:attachment":[{"href":"https:\/\/xn--mhroboter-hannover-ltb.de\/index.php?rest_route=%2Fwp%2Fv2%2Fmedia&parent=2552"}],"curies":[{"name":"wp","href":"https:\/\/api.w.org\/{rel}","templated":true}]}}