{"id":231,"date":"2024-08-09T18:12:38","date_gmt":"2024-08-09T18:12:38","guid":{"rendered":"http:\/\/xn--mhroboter-hannover-ltb.de\/?page_id=231"},"modified":"2025-01-29T09:42:28","modified_gmt":"2025-01-29T09:42:28","slug":"service","status":"publish","type":"page","link":"https:\/\/xn--mhroboter-hannover-ltb.de\/?page_id=231","title":{"rendered":"Service"},"content":{"rendered":"\t\t<div data-elementor-type=\"wp-page\" data-elementor-id=\"231\" class=\"elementor elementor-231\">\n\t\t\t\t<div class=\"elementor-element elementor-element-a819957 e-flex e-con-boxed e-con e-parent\" data-id=\"a819957\" data-element_type=\"container\">\n\t\t\t\t\t<div class=\"e-con-inner\">\n\t\t\t\t<div class=\"elementor-element elementor-element-819664e elementor-widget elementor-widget-heading\" data-id=\"819664e\" data-element_type=\"widget\" data-widget_type=\"heading.default\">\n\t\t\t\t<div class=\"elementor-widget-container\">\n\t\t\t<h2 class=\"elementor-heading-title elementor-size-default\">Service<\/h2>\t\t<\/div>\n\t\t\t\t<\/div>\n\t\t\t\t\t<\/div>\n\t\t\t\t<\/div>\n\t\t<div class=\"elementor-element elementor-element-ce81336 e-flex e-con-boxed e-con e-parent\" data-id=\"ce81336\" data-element_type=\"container\">\n\t\t\t\t\t<div class=\"e-con-inner\">\n\t\t\t\t<div class=\"elementor-element elementor-element-2bbeed0 elementor-widget elementor-widget-text-editor\" data-id=\"2bbeed0\" data-element_type=\"widget\" data-widget_type=\"text-editor.default\">\n\t\t\t\t<div class=\"elementor-widget-container\">\n\t\t\t\t\t\t\t<p><strong>Mit der Firma K\u00fcgler haben Sie langfristig einen Partner an der Hand, der sich um alle Belange rund um Ihren M\u00e4hroboter k\u00fcmmert. <\/strong><br \/><strong>Sei es Wartung, Reparatur oder \u00c4nderungen an Ihrer Installation. Egal ob Sie einen Baum Pflanzen, ein Beet anlegen oder Ihren Garten <\/strong><br \/><strong>umbauen &#8211; wir kommen vorbei und passen Ihre Installation an die neuen Gegebenheiten an.<\/strong><\/p>\t\t\t\t\t\t<\/div>\n\t\t\t\t<\/div>\n\t\t\t\t\t<\/div>\n\t\t\t\t<\/div>\n\t\t<div class=\"elementor-element elementor-element-86720a2 e-flex e-con-boxed e-con e-parent\" data-id=\"86720a2\" data-element_type=\"container\">\n\t\t\t\t\t<div class=\"e-con-inner\">\n\t\t<div class=\"elementor-element elementor-element-cf1753e e-con-full e-flex e-con e-child\" data-id=\"cf1753e\" data-element_type=\"container\">\n\t\t\t\t<div class=\"elementor-element elementor-element-2da2439 elementor-widget elementor-widget-image\" data-id=\"2da2439\" data-element_type=\"widget\" data-widget_type=\"image.default\">\n\t\t\t\t<div class=\"elementor-widget-container\">\n\t\t\t\t\t\t\t\t\t\t\t\t\t<img fetchpriority=\"high\" decoding=\"async\" width=\"1000\" height=\"666\" src=\"https:\/\/xn--mhroboter-hannover-ltb.de\/wp-content\/uploads\/2018\/07\/autocheck.jpg\" class=\"attachment-large size-large wp-image-2255\" alt=\"\" \/>\t\t\t\t\t\t\t\t\t\t\t\t\t<\/div>\n\t\t\t\t<\/div>\n\t\t\t\t<\/div>\n\t\t\t\t<div class=\"elementor-element elementor-element-bb2d625 elementor-widget elementor-widget-text-editor\" data-id=\"bb2d625\" data-element_type=\"widget\" data-widget_type=\"text-editor.default\">\n\t\t\t\t<div class=\"elementor-widget-container\">\n\t\t\t\t\t\t\t<p>Die modernen M\u00e4hroboter sind \u00fcblicherweise so robust und zuverl\u00e4ssig, dass sie &#8211; eine regelm\u00e4\u00dfige Wartung vorausgesetzt &#8211; jahrelang unauff\u00e4llig ihren Dienst verrichten. Sollte es doch einmal zu einem Defekt kommen, sind wir eine autorisierte Fachwerkstatt mit dem ben\u00f6tigten Spezial-Equipment um Fehler zu diagnostizieren und zu beheben.<\/p>\n<p>Sollte der Defekt ohne Ihr Verschulden zustande gekommen sein, pr\u00fcfen wir den Garantiefall und setzen und f\u00fcr Sie mit dem Hersteller in Verbindung.<br \/>Aber auch, wenn Sie bei der Gartenarbeit versehentlich ein Begrenzungskabel durchtrennen sollten, ist das keine Katastrophe. <br \/>Wir beheben den Schaden schnell und zuverl\u00e4ssig! Kann bei der Gartenarbeit schnell passieren : ein falscher Spatenstich und das Begrenzungskabel ist durchtrennt<\/p>\n<p>Wir lokalisieren die Schadstelle und reparieren den Schaden.<\/p>\t\t\t\t\t\t<\/div>\n\t\t\t\t<\/div>\n\t\t\t\t\t<\/div>\n\t\t\t\t<\/div>\n\t\t\t\t<\/div>\n\t\t","protected":false},"excerpt":{"rendered":"<p>Service Mit der Firma K\u00fcgler haben Sie langfristig einen Partner an der Hand, der sich um alle Belange rund um Ihren M\u00e4hroboter k\u00fcmmert. Sei es Wartung, Reparatur oder \u00c4nderungen an Ihrer Installation. Egal ob Sie einen Baum Pflanzen, ein Beet anlegen oder Ihren Garten umbauen &#8211; wir kommen vorbei und passen Ihre Installation an die [&hellip;]<\/p>\n","protected":false},"author":1,"featured_media":0,"parent":0,"menu_order":0,"comment_status":"closed","ping_status":"closed","template":"","meta":{"footnotes":""},"class_list":["post-231","page","type-page","status-publish","hentry"],"blocksy_meta":[],"_links":{"self":[{"href":"https:\/\/xn--mhroboter-hannover-ltb.de\/index.php?rest_route=\/wp\/v2\/pages\/231"}],"collection":[{"href":"https:\/\/xn--mhroboter-hannover-ltb.de\/index.php?rest_route=\/wp\/v2\/pages"}],"about":[{"href":"https:\/\/xn--mhroboter-hannover-ltb.de\/index.php?rest_route=\/wp\/v2\/types\/page"}],"author":[{"embeddable":true,"href":"https:\/\/xn--mhroboter-hannover-ltb.de\/index.php?rest_route=\/wp\/v2\/users\/1"}],"replies":[{"embeddable":true,"href":"https:\/\/xn--mhroboter-hannover-ltb.de\/index.php?rest_route=%2Fwp%2Fv2%2Fcomments&post=231"}],"version-history":[{"count":20,"href":"https:\/\/xn--mhroboter-hannover-ltb.de\/index.php?rest_route=\/wp\/v2\/pages\/231\/revisions"}],"predecessor-version":[{"id":2517,"href":"https:\/\/xn--mhroboter-hannover-ltb.de\/index.php?rest_route=\/wp\/v2\/pages\/231\/revisions\/2517"}],"wp:attachment":[{"href":"https:\/\/xn--mhroboter-hannover-ltb.de\/index.php?rest_route=%2Fwp%2Fv2%2Fmedia&parent=231"}],"curies":[{"name":"wp","href":"https:\/\/api.w.org\/{rel}","templated":true}]}}