{"id":229,"date":"2024-08-09T18:12:20","date_gmt":"2024-08-09T18:12:20","guid":{"rendered":"http:\/\/xn--mhroboter-hannover-ltb.de\/?page_id=229"},"modified":"2025-01-29T09:32:46","modified_gmt":"2025-01-29T09:32:46","slug":"beratung","status":"publish","type":"page","link":"https:\/\/xn--mhroboter-hannover-ltb.de\/?page_id=229","title":{"rendered":"Beratung"},"content":{"rendered":"\t\t<div data-elementor-type=\"wp-page\" data-elementor-id=\"229\" class=\"elementor elementor-229\">\n\t\t\t\t<div class=\"elementor-element elementor-element-2b9bb9b e-flex e-con-boxed e-con e-parent\" data-id=\"2b9bb9b\" data-element_type=\"container\">\n\t\t\t\t\t<div class=\"e-con-inner\">\n\t\t\t\t<div class=\"elementor-element elementor-element-75f80b2 elementor-widget elementor-widget-heading\" data-id=\"75f80b2\" data-element_type=\"widget\" data-widget_type=\"heading.default\">\n\t\t\t\t<div class=\"elementor-widget-container\">\n\t\t\t<h2 class=\"elementor-heading-title elementor-size-default\">individuelle Beratung<\/h2>\t\t<\/div>\n\t\t\t\t<\/div>\n\t\t\t\t\t<\/div>\n\t\t\t\t<\/div>\n\t\t<div class=\"elementor-element elementor-element-e3faf6a e-flex e-con-boxed e-con e-parent\" data-id=\"e3faf6a\" data-element_type=\"container\">\n\t\t\t\t\t<div class=\"e-con-inner\">\n\t\t<div class=\"elementor-element elementor-element-e81d026 e-con-full e-flex e-con e-child\" data-id=\"e81d026\" data-element_type=\"container\">\n\t\t<div class=\"elementor-element elementor-element-7d4aad5 e-con-full e-flex e-con e-child\" data-id=\"7d4aad5\" data-element_type=\"container\">\n\t\t\t\t<div class=\"elementor-element elementor-element-713c9e4 elementor-widget elementor-widget-image\" data-id=\"713c9e4\" data-element_type=\"widget\" data-widget_type=\"image.default\">\n\t\t\t\t<div class=\"elementor-widget-container\">\n\t\t\t\t\t\t\t\t\t\t\t\t\t<img fetchpriority=\"high\" decoding=\"async\" width=\"1024\" height=\"640\" src=\"https:\/\/xn--mhroboter-hannover-ltb.de\/wp-content\/uploads\/2018\/06\/beratung.jpg\" class=\"attachment-large size-large wp-image-2229\" alt=\"\" \/>\t\t\t\t\t\t\t\t\t\t\t\t\t<\/div>\n\t\t\t\t<\/div>\n\t\t\t\t<\/div>\n\t\t<div class=\"elementor-element elementor-element-a79a8c6 e-con-full e-flex e-con e-child\" data-id=\"a79a8c6\" data-element_type=\"container\">\n\t\t\t\t<\/div>\n\t\t\t\t<\/div>\n\t\t<div class=\"elementor-element elementor-element-3eb893a e-con-full e-flex e-con e-child\" data-id=\"3eb893a\" data-element_type=\"container\">\n\t\t\t\t<div class=\"elementor-element elementor-element-0ff7f7f elementor-widget elementor-widget-text-editor\" data-id=\"0ff7f7f\" data-element_type=\"widget\" data-widget_type=\"text-editor.default\">\n\t\t\t\t<div class=\"elementor-widget-container\">\n\t\t\t\t\t\t\t<p><span style=\"color: #000000;\">Bei einer pers\u00f6nlichen Beratung machen wir uns vor Ort einen Eindruck von Ihrem Garten. <\/span><span style=\"color: #000000;\">Unsere erfahrenen Mitarbeiter haben bereits einen Blick f\u00fcr die kritischen Stellen in Ihrem Garten.<\/span><br \/><span style=\"color: #000000;\">Sie werden Ihnen genau sagen, welche Stellen Sie optimieren m\u00fcssen um ein optimales M\u00e4hergebnis zu erzielen.<\/span><br \/><span style=\"color: #000000;\">So ist es zum Beispiel vorteilhaft, Ihre Rasenkanten mit Randsteinen zu begrenzen.<\/span><\/p>\n<p><br \/><span style=\"color: #000000;\">Der Roboter kann dann ein St\u00fcck \u00fcber die Rasenkante hinweg fahren, um auch den letzten Halm zu erwischen.<\/span><br \/><span style=\"color: #000000;\">Je besser Sie Ihren Garten auf den M\u00e4hroboter vorbereiten, desto weniger m\u00fcssen Sie nacharbeiten!<\/span><\/p>\n<p><span style=\"color: #000000;\">Anschlie\u00dfend empfehlen wir Ihnen das Modell, das am besten f\u00fcr Ihren Garten geeignet ist.<\/span><br \/><span style=\"color: #000000;\">Abh\u00e4ngig von der Gr\u00f6\u00dfe und Komplexit\u00e4t Ihres Gartens und der Wahl des M\u00e4hroboter-Models erhalten Sie von uns einen unverbindlichen Kostenvoranschlag!<\/span><\/p>\n<p><span style=\"color: #000000;\"><!-- \/wp:paragraph --><!-- wp:paragraph --><!-- \/wp:paragraph --><!-- wp:paragraph {\"placeholder\":\"Inhalt\u2026\"} --><\/span><\/p>\t\t\t\t\t\t<\/div>\n\t\t\t\t<\/div>\n\t\t\t\t<\/div>\n\t\t\t\t\t<\/div>\n\t\t\t\t<\/div>\n\t\t\t\t<\/div>\n\t\t","protected":false},"excerpt":{"rendered":"<p>individuelle Beratung Bei einer pers\u00f6nlichen Beratung machen wir uns vor Ort einen Eindruck von Ihrem Garten. Unsere erfahrenen Mitarbeiter haben bereits einen Blick f\u00fcr die kritischen Stellen in Ihrem Garten.Sie werden Ihnen genau sagen, welche Stellen Sie optimieren m\u00fcssen um ein optimales M\u00e4hergebnis zu erzielen.So ist es zum Beispiel vorteilhaft, Ihre Rasenkanten mit Randsteinen zu [&hellip;]<\/p>\n","protected":false},"author":1,"featured_media":0,"parent":0,"menu_order":0,"comment_status":"closed","ping_status":"closed","template":"","meta":{"footnotes":""},"class_list":["post-229","page","type-page","status-publish","hentry"],"blocksy_meta":[],"_links":{"self":[{"href":"https:\/\/xn--mhroboter-hannover-ltb.de\/index.php?rest_route=\/wp\/v2\/pages\/229"}],"collection":[{"href":"https:\/\/xn--mhroboter-hannover-ltb.de\/index.php?rest_route=\/wp\/v2\/pages"}],"about":[{"href":"https:\/\/xn--mhroboter-hannover-ltb.de\/index.php?rest_route=\/wp\/v2\/types\/page"}],"author":[{"embeddable":true,"href":"https:\/\/xn--mhroboter-hannover-ltb.de\/index.php?rest_route=\/wp\/v2\/users\/1"}],"replies":[{"embeddable":true,"href":"https:\/\/xn--mhroboter-hannover-ltb.de\/index.php?rest_route=%2Fwp%2Fv2%2Fcomments&post=229"}],"version-history":[{"count":8,"href":"https:\/\/xn--mhroboter-hannover-ltb.de\/index.php?rest_route=\/wp\/v2\/pages\/229\/revisions"}],"predecessor-version":[{"id":2504,"href":"https:\/\/xn--mhroboter-hannover-ltb.de\/index.php?rest_route=\/wp\/v2\/pages\/229\/revisions\/2504"}],"wp:attachment":[{"href":"https:\/\/xn--mhroboter-hannover-ltb.de\/index.php?rest_route=%2Fwp%2Fv2%2Fmedia&parent=229"}],"curies":[{"name":"wp","href":"https:\/\/api.w.org\/{rel}","templated":true}]}}