{"id":227,"date":"2024-08-09T18:11:56","date_gmt":"2024-08-09T18:11:56","guid":{"rendered":"http:\/\/xn--mhroboter-hannover-ltb.de\/?page_id=227"},"modified":"2025-01-29T09:42:00","modified_gmt":"2025-01-29T09:42:00","slug":"installation","status":"publish","type":"page","link":"https:\/\/xn--mhroboter-hannover-ltb.de\/?page_id=227","title":{"rendered":"Installation"},"content":{"rendered":"\t\t<div data-elementor-type=\"wp-page\" data-elementor-id=\"227\" class=\"elementor elementor-227\">\n\t\t\t\t<div class=\"elementor-element elementor-element-4199bef e-flex e-con-boxed e-con e-parent\" data-id=\"4199bef\" data-element_type=\"container\">\n\t\t\t\t\t<div class=\"e-con-inner\">\n\t\t\t\t<div class=\"elementor-element elementor-element-48a434b elementor-widget elementor-widget-heading\" data-id=\"48a434b\" data-element_type=\"widget\" data-widget_type=\"heading.default\">\n\t\t\t\t<div class=\"elementor-widget-container\">\n\t\t\t<h2 class=\"elementor-heading-title elementor-size-default\">Installation des M\u00e4hroboters<\/h2>\t\t<\/div>\n\t\t\t\t<\/div>\n\t\t\t\t\t<\/div>\n\t\t\t\t<\/div>\n\t\t<div class=\"elementor-element elementor-element-32c4d6c e-flex e-con-boxed e-con e-parent\" data-id=\"32c4d6c\" data-element_type=\"container\">\n\t\t\t\t\t<div class=\"e-con-inner\">\n\t\t\t\t<div class=\"elementor-element elementor-element-7073baf elementor-widget elementor-widget-text-editor\" data-id=\"7073baf\" data-element_type=\"widget\" data-widget_type=\"text-editor.default\">\n\t\t\t\t<div class=\"elementor-widget-container\">\n\t\t\t\t\t\t\t<p>Die Installation ist der wichtigste und anspruchsvollste Schritt. Hier zahlt sich unsere ganze Erfahrung aus, sodass der Mower auch in komplizierten G\u00e4rten problemlos l\u00e4uft.<br \/>Die Firma K\u00fcgler hat dabei ihr ganz eigenes System entwickelt. Dies erm\u00f6glicht es uns, die Begrenzungskabel an jeder Stelle im optimalen Abstand zu verlegen. <br \/>So stellen wir sicher, dass der Mower einerseits so wenig wie m\u00f6glich mit Hindernissen kollidiert, aber dabei so viel Fl\u00e4che wie m\u00f6glich erreicht.<\/p><p><strong>Wie funktioniert ein M\u00e4hroboter?<\/strong><\/p><p>Das Zentrale Element bei einer M\u00e4hroboter-Installation ist das Begrenzungskabel. Dieses wird wenige cm unter dem Rasen entlang der Rasenkante gelegt. Dieses Kabel sendet ein schwaches elektromagnetisches Feld aus, welches der M\u00e4hroboter erkennt sobald er sich ihm n\u00e4hert. Der Roboter wei\u00df nun, dass dort die Grenze seines Arbeitsbereiches ist. Er f\u00e4hrt noch einige cm \u00fcber das Kabel hinaus, dann wird er stoppen, die Richtung \u00e4ndern und wieder anfahren, bis er abermals auf eine Begrenzung trifft.<\/p><p>St\u00f6\u00dft er auf der Fl\u00e4che gegen ein Hindernis wie z.B. einen Baum, ist das auch kein Problem. Der Roboter verf\u00fcgt \u00fcber Sto\u00dfsensoren, die das Hindernis erkennen und den Roboter ebenfalls die Richtung \u00e4ndern lassen. Soll der Roboter nicht gegen einen Baum fahren, oder haben Sie Beete innerhalb Ihrer Rasenfl\u00e4che, k\u00f6nnen mit dem Begrenzungskabel sogenannte Inseln gelegt werden. Diese Bereiche werden dann vom Automower\u00ae ausgespart.<br \/>Die Funktionsweise des Automower\u00ae ist in dem Video von Husqvarna sehr gut erkl\u00e4rt!<\/p><ul><li>Das Begrenzungskabel wird sauber an der Rasenkante entlang verlegt.(folgt sauber den Konturen Ihres Gartens)<\/li><li>Das Kabel wird je nach Bodenbeschaffenheit ca. 3-5 cm unter der Rasenfl\u00e4che verlegt<\/li><li>Wir folgen bei der Verlegung allen Konturen Ihres Rasens<\/li><li>In der Rasenfl\u00e4che befindliche B\u00e4ume oder Beete k\u00f6nnen als &#8218;Inseln&#8216; ausgespart werden. Der M\u00e4hroboter wird diese Bereiche umfahren.<\/li><\/ul><p><strong>Super eXtreme &#8211; Unzerst\u00f6rbare Kabel<\/strong><br \/>Auf Wunsch verwenden wir f\u00fcr Ihre M\u00e4hroboter-Installation ein extra stabiles Kabel, das auch Nagetierbissen und Gartenwerkzeugen widersteht. <br \/>Selbst mit einem Spaten bekommen Sie dieses Kabel nicht durch! Verlangen Sie das Super eXtreme-Kabel bei der Installation Ihres Roboters!<\/p><p>[video_lightbox_youtube video_id=&#8220;lE77pKkltZ8&#8243; alt=&#8220;super eXtreme Kabel&#8220; width=&#8220;640&#8243; height=&#8220;480&#8243; auto_thumb=&#8220;1&#8243;]<\/p><p>Schauen Sie sich einmal an, wie die Installation eines M\u00e4hroboters vonstatten geht!<\/p>\t\t\t\t\t\t<\/div>\n\t\t\t\t<\/div>\n\t\t\t\t\t<\/div>\n\t\t\t\t<\/div>\n\t\t<div class=\"elementor-element elementor-element-eecf412 e-flex e-con-boxed e-con e-parent\" data-id=\"eecf412\" data-element_type=\"container\">\n\t\t\t\t\t<div class=\"e-con-inner\">\n\t\t\t\t<div class=\"elementor-element elementor-element-aa93fdf elementor-widget elementor-widget-text-editor\" data-id=\"aa93fdf\" data-element_type=\"widget\" data-widget_type=\"text-editor.default\">\n\t\t\t\t<div class=\"elementor-widget-container\">\n\t\t\t\t\t\t\t<p>Die Automower haben konstruktionsbedingt einen Abstand zwischen Geh\u00e4use und M\u00e4hwerk.<\/p><p>Dies ist auch f\u00fcr die Sicherheit relevant. Deswegen bleibt ein Streifen Rasen stehen, wenn die Rasenfl\u00e4che direkt an eine senkrechte Fl\u00e4che (zB. Mauer, Hauswand) grenzt. <br \/>Damit der Mower m\u00f6glichst jeden Halm erwischt, ist es ratsam die Rasenfl\u00e4che mit Randsteinen einzufassen.<\/p><p>Daher kann der M\u00e4hroboter ein wenig \u00fcber die Rasenkante hinweg fahren ohne etwas stehen zu lassen. <br \/>Bei einer pers\u00f6nlichen Beratung schauen wir uns Ihren Garten genau. Wir erkl\u00e4ren Ihnen, welche \u00c4nderungen Sie f\u00fcr ein optimales M\u00e4hergebnis vornehmen sollten. <br \/>Rufen Sie uns an oder schreiben Sie uns eine Nachricht!<\/p><p>Die Ladestation<\/p><p>Die Ladestation ist das Herzst\u00fcck der M\u00e4hroboter-Installation. Das hei\u00dft, der Roboter wird von hier aus mit Strom versorgt. <br \/>Ebenso werden die Such- und Begrenzungskabel an die Station angeschlossen. Neigt sich die Akkuladung des Roboters dem Ende, <br \/>sucht er eigenst\u00e4ndig die Ladestation auf und verbleibt dort, bis der Akku wieder geladen oder Zeit f\u00fcr den n\u00e4chsten Einsatz ist.<\/p><p>Die Ladestation kann sehr flexibel platziert werden. Ob innerhalb der Rasenfl\u00e4che, oder versteckt in einer Nische des Gartens &#8211; je nach Modell haben sie viele M\u00f6glichkeiten. <br \/>Soll die Station unter einem Baum oder Geb\u00fcsch aufgestellt werden, so empfiehlt sich eine Garage um den Automower vor herabfallenden Bl\u00e4ttern, \u00c4sten, Fr\u00fcchten usw. zu sch\u00fctzen. <br \/>Auch hier bieten wir Ihnen eine breite Auswahl, von der einfachen Kunststoff-\u00dcberdachung bis zur Holzkonstruktion im Carport-Design.<\/p>\t\t\t\t\t\t<\/div>\n\t\t\t\t<\/div>\n\t\t\t\t\t<\/div>\n\t\t\t\t<\/div>\n\t\t\t\t<\/div>\n\t\t","protected":false},"excerpt":{"rendered":"<p>Installation des M\u00e4hroboters Die Installation ist der wichtigste und anspruchsvollste Schritt. Hier zahlt sich unsere ganze Erfahrung aus, sodass der Mower auch in komplizierten G\u00e4rten problemlos l\u00e4uft.Die Firma K\u00fcgler hat dabei ihr ganz eigenes System entwickelt. Dies erm\u00f6glicht es uns, die Begrenzungskabel an jeder Stelle im optimalen Abstand zu verlegen. So stellen wir sicher, dass [&hellip;]<\/p>\n","protected":false},"author":1,"featured_media":0,"parent":0,"menu_order":0,"comment_status":"closed","ping_status":"closed","template":"","meta":{"footnotes":""},"class_list":["post-227","page","type-page","status-publish","hentry"],"blocksy_meta":[],"_links":{"self":[{"href":"https:\/\/xn--mhroboter-hannover-ltb.de\/index.php?rest_route=\/wp\/v2\/pages\/227"}],"collection":[{"href":"https:\/\/xn--mhroboter-hannover-ltb.de\/index.php?rest_route=\/wp\/v2\/pages"}],"about":[{"href":"https:\/\/xn--mhroboter-hannover-ltb.de\/index.php?rest_route=\/wp\/v2\/types\/page"}],"author":[{"embeddable":true,"href":"https:\/\/xn--mhroboter-hannover-ltb.de\/index.php?rest_route=\/wp\/v2\/users\/1"}],"replies":[{"embeddable":true,"href":"https:\/\/xn--mhroboter-hannover-ltb.de\/index.php?rest_route=%2Fwp%2Fv2%2Fcomments&post=227"}],"version-history":[{"count":32,"href":"https:\/\/xn--mhroboter-hannover-ltb.de\/index.php?rest_route=\/wp\/v2\/pages\/227\/revisions"}],"predecessor-version":[{"id":2518,"href":"https:\/\/xn--mhroboter-hannover-ltb.de\/index.php?rest_route=\/wp\/v2\/pages\/227\/revisions\/2518"}],"wp:attachment":[{"href":"https:\/\/xn--mhroboter-hannover-ltb.de\/index.php?rest_route=%2Fwp%2Fv2%2Fmedia&parent=227"}],"curies":[{"name":"wp","href":"https:\/\/api.w.org\/{rel}","templated":true}]}}