{"id":2,"date":"2016-05-10T03:48:21","date_gmt":"2016-05-10T03:48:21","guid":{"rendered":"http:\/\/xn--mhroboter-hannover-ltb.de\/?page_id=2"},"modified":"2024-08-09T18:23:37","modified_gmt":"2024-08-09T18:23:37","slug":"sample-page","status":"publish","type":"page","link":"https:\/\/xn--mhroboter-hannover-ltb.de\/","title":{"rendered":"Startseite"},"content":{"rendered":"\t\t<div data-elementor-type=\"wp-page\" data-elementor-id=\"2\" class=\"elementor elementor-2\">\n\t\t\t\t<div class=\"elementor-element elementor-element-3037b39 e-flex e-con-boxed e-con e-parent\" data-id=\"3037b39\" data-element_type=\"container\">\n\t\t\t\t\t<div class=\"e-con-inner\">\n\t\t\t\t<div class=\"elementor-element elementor-element-9aca0f1 elementor-widget elementor-widget-heading\" data-id=\"9aca0f1\" data-element_type=\"widget\" data-widget_type=\"heading.default\">\n\t\t\t\t<div class=\"elementor-widget-container\">\n\t\t\t<h2 class=\"elementor-heading-title elementor-size-default\"><b>Herzlich Willkommen bei K\u00fcgler in Barsinghausen!<\/b><\/h2>\t\t<\/div>\n\t\t\t\t<\/div>\n\t\t\t\t<div class=\"elementor-element elementor-element-417da92 elementor-invisible elementor-widget elementor-widget-heading\" data-id=\"417da92\" data-element_type=\"widget\" data-settings=\"{&quot;_animation&quot;:&quot;fadeInRight&quot;}\" data-widget_type=\"heading.default\">\n\t\t\t\t<div class=\"elementor-widget-container\">\n\t\t\t<h2 class=\"elementor-heading-title elementor-size-default\">Wir sind Ihr Ansprechpartner f\u00fcr M\u00e4hroboter in der Region Hannover<\/h2>\t\t<\/div>\n\t\t\t\t<\/div>\n\t\t\t\t<div class=\"elementor-element elementor-element-d842c26 elementor-widget elementor-widget-spacer\" data-id=\"d842c26\" data-element_type=\"widget\" data-widget_type=\"spacer.default\">\n\t\t\t\t<div class=\"elementor-widget-container\">\n\t\t\t\t\t<div class=\"elementor-spacer\">\n\t\t\t<div class=\"elementor-spacer-inner\"><\/div>\n\t\t<\/div>\n\t\t\t\t<\/div>\n\t\t\t\t<\/div>\n\t\t\t\t\t<\/div>\n\t\t\t\t<\/div>\n\t\t<div class=\"elementor-element elementor-element-9484230 e-flex e-con-boxed e-con e-parent\" data-id=\"9484230\" data-element_type=\"container\">\n\t\t\t\t\t<div class=\"e-con-inner\">\n\t\t<div class=\"elementor-element elementor-element-8676780 e-con-full e-flex e-con e-child\" data-id=\"8676780\" data-element_type=\"container\">\n\t\t\t\t<div class=\"elementor-element elementor-element-45de8f6 elementor-widget__width-initial elementor-invisible elementor-widget elementor-widget-image\" data-id=\"45de8f6\" data-element_type=\"widget\" data-settings=\"{&quot;_animation&quot;:&quot;zoomIn&quot;}\" data-widget_type=\"image.default\">\n\t\t\t\t<div class=\"elementor-widget-container\">\n\t\t\t\t\t\t\t\t\t\t<figure class=\"wp-caption\">\n\t\t\t\t\t\t\t\t\t\t\t<a href=\"http:\/\/xn--mhroboter-hannover-ltb.de\/?page_id=229\">\n\t\t\t\t\t\t\t<img fetchpriority=\"high\" decoding=\"async\" width=\"1024\" height=\"1012\" src=\"https:\/\/xn--mhroboter-hannover-ltb.de\/wp-content\/uploads\/2024\/02\/1_blau-1024x1012.png\" class=\"attachment-large size-large wp-image-140\" alt=\"\" srcset=\"https:\/\/xn--mhroboter-hannover-ltb.de\/wp-content\/uploads\/2024\/02\/1_blau-1024x1012.png 1024w, https:\/\/xn--mhroboter-hannover-ltb.de\/wp-content\/uploads\/2024\/02\/1_blau-300x297.png 300w, https:\/\/xn--mhroboter-hannover-ltb.de\/wp-content\/uploads\/2024\/02\/1_blau-768x759.png 768w, https:\/\/xn--mhroboter-hannover-ltb.de\/wp-content\/uploads\/2024\/02\/1_blau.png 1063w\" sizes=\"(max-width: 1024px) 100vw, 1024px\" \/>\t\t\t\t\t\t\t\t<\/a>\n\t\t\t\t\t\t\t\t\t\t\t<figcaption class=\"widget-image-caption wp-caption-text\"><\/figcaption>\n\t\t\t\t\t\t\t\t\t\t<\/figure>\n\t\t\t\t\t\t\t<\/div>\n\t\t\t\t<\/div>\n\t\t\t\t<div class=\"elementor-element elementor-element-481e30c animated-slow elementor-invisible elementor-widget elementor-widget-heading\" data-id=\"481e30c\" data-element_type=\"widget\" data-settings=\"{&quot;_animation&quot;:&quot;zoomIn&quot;}\" data-widget_type=\"heading.default\">\n\t\t\t\t<div class=\"elementor-widget-container\">\n\t\t\t<h1 class=\"elementor-heading-title elementor-size-xl\"><a href=\"http:\/\/xn--mhroboter-hannover-ltb.de\/?page_id=229\">Beratung<\/a><\/h1>\t\t<\/div>\n\t\t\t\t<\/div>\n\t\t<div class=\"elementor-element elementor-element-f503b33 e-con-full e-flex e-con e-child\" data-id=\"f503b33\" data-element_type=\"container\">\n\t\t\t\t<div class=\"elementor-element elementor-element-aa3885f elementor-widget elementor-widget-text-editor\" data-id=\"aa3885f\" data-element_type=\"widget\" data-widget_type=\"text-editor.default\">\n\t\t\t\t<div class=\"elementor-widget-container\">\n\t\t\t\t\t\t\t<p>Nicht jeder M\u00e4hroboter ist f\u00fcr jedes Grundst\u00fcck geeignet. Es gibt viele verschiedene Faktoren, die f\u00fcr die Auswahl des richtigen Ger\u00e4tes von gro\u00dfer Bedeutung sind. Wir machen dir hier ein individuelles Angebot, das auf deinen Garten und deine W\u00fcnsche zurecht geschnitten ist.<\/p>\t\t\t\t\t\t<\/div>\n\t\t\t\t<\/div>\n\t\t\t\t<\/div>\n\t\t\t\t<\/div>\n\t\t<div class=\"elementor-element elementor-element-12b9780 e-con-full e-flex e-con e-child\" data-id=\"12b9780\" data-element_type=\"container\">\n\t\t\t\t<div class=\"elementor-element elementor-element-34051e7 elementor-invisible elementor-widget elementor-widget-image\" data-id=\"34051e7\" data-element_type=\"widget\" data-settings=\"{&quot;_animation&quot;:&quot;zoomIn&quot;}\" data-widget_type=\"image.default\">\n\t\t\t\t<div class=\"elementor-widget-container\">\n\t\t\t\t\t\t\t\t\t\t\t\t\t\t<a href=\"http:\/\/xn--mhroboter-hannover-ltb.de\/?page_id=227\">\n\t\t\t\t\t\t\t<img decoding=\"async\" width=\"1024\" height=\"1005\" src=\"https:\/\/xn--mhroboter-hannover-ltb.de\/wp-content\/uploads\/2024\/02\/4_blau-1024x1005.png\" class=\"attachment-large size-large wp-image-143\" alt=\"\" srcset=\"https:\/\/xn--mhroboter-hannover-ltb.de\/wp-content\/uploads\/2024\/02\/4_blau-1024x1005.png 1024w, https:\/\/xn--mhroboter-hannover-ltb.de\/wp-content\/uploads\/2024\/02\/4_blau-300x294.png 300w, https:\/\/xn--mhroboter-hannover-ltb.de\/wp-content\/uploads\/2024\/02\/4_blau-768x754.png 768w, https:\/\/xn--mhroboter-hannover-ltb.de\/wp-content\/uploads\/2024\/02\/4_blau.png 1067w\" sizes=\"(max-width: 1024px) 100vw, 1024px\" \/>\t\t\t\t\t\t\t\t<\/a>\n\t\t\t\t\t\t\t\t\t\t\t\t\t<\/div>\n\t\t\t\t<\/div>\n\t\t\t\t<div class=\"elementor-element elementor-element-c98ddfc elementor-widget__width-inherit animated-slow elementor-invisible elementor-widget elementor-widget-heading\" data-id=\"c98ddfc\" data-element_type=\"widget\" data-settings=\"{&quot;_animation&quot;:&quot;zoomIn&quot;}\" data-widget_type=\"heading.default\">\n\t\t\t\t<div class=\"elementor-widget-container\">\n\t\t\t<h1 class=\"elementor-heading-title elementor-size-xl\"><a href=\"http:\/\/xn--mhroboter-hannover-ltb.de\/?page_id=227\">Installation<\/a><\/h1>\t\t<\/div>\n\t\t\t\t<\/div>\n\t\t<div class=\"elementor-element elementor-element-eab2f6c e-con-full e-flex e-con e-child\" data-id=\"eab2f6c\" data-element_type=\"container\">\n\t\t\t\t<div class=\"elementor-element elementor-element-c3a990f elementor-widget elementor-widget-text-editor\" data-id=\"c3a990f\" data-element_type=\"widget\" data-widget_type=\"text-editor.default\">\n\t\t\t\t<div class=\"elementor-widget-container\">\n\t\t\t\t\t\t\t<p>Die Installation ist da Herzst\u00fcck unserer Arbeit. Hierbei muss besonders pr\u00e4zise gearbeitet werden, damit der M\u00e4hroboter sp\u00e4ter ungehindert und den Anforderungen gerecht seine Arbeit verrichten kann.\u00a0<\/p>\t\t\t\t\t\t<\/div>\n\t\t\t\t<\/div>\n\t\t\t\t<\/div>\n\t\t\t\t<\/div>\n\t\t<div class=\"elementor-element elementor-element-7e13d5d e-con-full e-flex e-con e-child\" data-id=\"7e13d5d\" data-element_type=\"container\">\n\t\t\t\t<div class=\"elementor-element elementor-element-cb52b34 elementor-invisible elementor-widget elementor-widget-image\" data-id=\"cb52b34\" data-element_type=\"widget\" data-settings=\"{&quot;_animation&quot;:&quot;zoomIn&quot;}\" data-widget_type=\"image.default\">\n\t\t\t\t<div class=\"elementor-widget-container\">\n\t\t\t\t\t\t\t\t\t\t\t\t\t\t<a href=\"http:\/\/xn--mhroboter-hannover-ltb.de\/?page_id=231\">\n\t\t\t\t\t\t\t<img decoding=\"async\" width=\"1024\" height=\"1014\" src=\"https:\/\/xn--mhroboter-hannover-ltb.de\/wp-content\/uploads\/2024\/02\/3_blau-1024x1014.png\" class=\"attachment-large size-large wp-image-142\" alt=\"\" srcset=\"https:\/\/xn--mhroboter-hannover-ltb.de\/wp-content\/uploads\/2024\/02\/3_blau-1024x1014.png 1024w, https:\/\/xn--mhroboter-hannover-ltb.de\/wp-content\/uploads\/2024\/02\/3_blau-300x297.png 300w, https:\/\/xn--mhroboter-hannover-ltb.de\/wp-content\/uploads\/2024\/02\/3_blau-150x150.png 150w, https:\/\/xn--mhroboter-hannover-ltb.de\/wp-content\/uploads\/2024\/02\/3_blau-768x761.png 768w, https:\/\/xn--mhroboter-hannover-ltb.de\/wp-content\/uploads\/2024\/02\/3_blau.png 1063w\" sizes=\"(max-width: 1024px) 100vw, 1024px\" \/>\t\t\t\t\t\t\t\t<\/a>\n\t\t\t\t\t\t\t\t\t\t\t\t\t<\/div>\n\t\t\t\t<\/div>\n\t\t\t\t<div class=\"elementor-element elementor-element-85151ac animated-slow elementor-invisible elementor-widget elementor-widget-heading\" data-id=\"85151ac\" data-element_type=\"widget\" data-settings=\"{&quot;_animation&quot;:&quot;zoomIn&quot;}\" data-widget_type=\"heading.default\">\n\t\t\t\t<div class=\"elementor-widget-container\">\n\t\t\t<h1 class=\"elementor-heading-title elementor-size-xl\"><a href=\"http:\/\/xn--mhroboter-hannover-ltb.de\/?page_id=231\">Service<\/a><\/h1>\t\t<\/div>\n\t\t\t\t<\/div>\n\t\t<div class=\"elementor-element elementor-element-a7662d7 e-con-full e-flex e-con e-child\" data-id=\"a7662d7\" data-element_type=\"container\">\n\t\t\t\t<div class=\"elementor-element elementor-element-558e72a elementor-widget elementor-widget-text-editor\" data-id=\"558e72a\" data-element_type=\"widget\" data-widget_type=\"text-editor.default\">\n\t\t\t\t<div class=\"elementor-widget-container\">\n\t\t\t\t\t\t\t<p>\u00a0Wir gew\u00e4hrleisten den Kundenservice bei unseren Kunden vor Ort, wenn es um die Instandsetzung von Kabelunterbrechungen o. \u00e4. geht. Dar\u00fcber hinaus f\u00fchren wir auch den j\u00e4hrlichen Winterservice durch, damit die M\u00e4her im Fr\u00fchjahr wieder reibungslos funktionieren.<\/p>\t\t\t\t\t\t<\/div>\n\t\t\t\t<\/div>\n\t\t\t\t<\/div>\n\t\t\t\t<\/div>\n\t\t\t\t\t<\/div>\n\t\t\t\t<\/div>\n\t\t\t\t<\/div>\n\t\t","protected":false},"excerpt":{"rendered":"<p>Herzlich Willkommen bei K\u00fcgler in Barsinghausen! Wir sind Ihr Ansprechpartner f\u00fcr M\u00e4hroboter in der Region Hannover Beratung Nicht jeder M\u00e4hroboter ist f\u00fcr jedes Grundst\u00fcck geeignet. Es gibt viele verschiedene Faktoren, die f\u00fcr die Auswahl des richtigen Ger\u00e4tes von gro\u00dfer Bedeutung sind. Wir machen dir hier ein individuelles Angebot, das auf deinen Garten und deine W\u00fcnsche [&hellip;]<\/p>\n","protected":false},"author":1,"featured_media":0,"parent":0,"menu_order":0,"comment_status":"closed","ping_status":"open","template":"elementor_header_footer","meta":{"footnotes":""},"class_list":["post-2","page","type-page","status-publish","hentry"],"blocksy_meta":[],"_links":{"self":[{"href":"https:\/\/xn--mhroboter-hannover-ltb.de\/index.php?rest_route=\/wp\/v2\/pages\/2"}],"collection":[{"href":"https:\/\/xn--mhroboter-hannover-ltb.de\/index.php?rest_route=\/wp\/v2\/pages"}],"about":[{"href":"https:\/\/xn--mhroboter-hannover-ltb.de\/index.php?rest_route=\/wp\/v2\/types\/page"}],"author":[{"embeddable":true,"href":"https:\/\/xn--mhroboter-hannover-ltb.de\/index.php?rest_route=\/wp\/v2\/users\/1"}],"replies":[{"embeddable":true,"href":"https:\/\/xn--mhroboter-hannover-ltb.de\/index.php?rest_route=%2Fwp%2Fv2%2Fcomments&post=2"}],"version-history":[{"count":78,"href":"https:\/\/xn--mhroboter-hannover-ltb.de\/index.php?rest_route=\/wp\/v2\/pages\/2\/revisions"}],"predecessor-version":[{"id":250,"href":"https:\/\/xn--mhroboter-hannover-ltb.de\/index.php?rest_route=\/wp\/v2\/pages\/2\/revisions\/250"}],"wp:attachment":[{"href":"https:\/\/xn--mhroboter-hannover-ltb.de\/index.php?rest_route=%2Fwp%2Fv2%2Fmedia&parent=2"}],"curies":[{"name":"wp","href":"https:\/\/api.w.org\/{rel}","templated":true}]}}