{"id":1902,"date":"2018-06-26T15:41:47","date_gmt":"2018-06-26T13:41:47","guid":{"rendered":"http:\/\/85.214.107.162\/maehroboter\/?page_id=86"},"modified":"2025-09-30T09:30:13","modified_gmt":"2025-09-30T09:30:13","slug":"winterwartung","status":"publish","type":"page","link":"https:\/\/xn--mhroboter-hannover-ltb.de\/?page_id=1902","title":{"rendered":"Winterwartung"},"content":{"rendered":"\t\t<div data-elementor-type=\"wp-page\" data-elementor-id=\"1902\" class=\"elementor elementor-1902\">\n\t\t\t\t<div class=\"elementor-element elementor-element-6f707554 e-flex e-con-boxed e-con e-parent\" data-id=\"6f707554\" data-element_type=\"container\">\n\t\t\t\t\t<div class=\"e-con-inner\">\n\t\t\t\t<div class=\"elementor-element elementor-element-7b17bb4f elementor-widget elementor-widget-text-editor\" data-id=\"7b17bb4f\" data-element_type=\"widget\" data-widget_type=\"text-editor.default\">\n\t\t\t\t<div class=\"elementor-widget-container\">\n\t\t\t\t\t\t\t<h2 align=\"center\"><span style=\"color: #008000;\">Unsere Leistungen und Tarife f\u00fcr die Winterwartung<\/span><\/h2>\n<p>Da Ihr flei\u00dfiger Helfer unentwegt f\u00fcr Sie arbeitet, ben\u00f6tigt er von Zeit zu Zeit eine Wartung. Die Winterwartung beinhaltet neben dem <strong>Wechsel der Klingen<\/strong> auch einen Umfassenden <strong>Test aller Sensoren<\/strong> und Funktionen. Wir schlie\u00dfen den Roboter dazu an unser spezielles Diagnoseger\u00e4t an, mit welchem wir den Fehlerspeicher und viele Betriebsdaten auslesen k\u00f6nnen. So k\u00f6nnen wir drohende <strong>Defekte schon erkennen bevor Sie auftreten<\/strong>. Anschlie\u00dfend bekommt der Automower auch noch ein <strong>Softwareupdate <\/strong>und eine gr\u00fcndliche Reinigung.<\/p>\n<style>\ntable<br \/>{<br \/>position:relative;<br \/>top:-50px;<br \/>}<br \/>table tr td<br \/>{<br \/>vertical-align:middle;<br \/>font-size:2rem;<br \/>font-weight:bold;<br \/>border:0px;<br \/>}<br \/>table tr th img<br \/>{<br \/>position:relative;<br \/>top:40px;<br \/>width:150px;<br \/>}<br \/>table tr th<br \/>{<br \/>font-size:2rem;<br \/>border:0px;<br \/>}<br \/>.yes<br \/>{<br \/>width:60px;<br \/>}<br \/>.no<br \/>{<br \/>width:60px;<br \/>}<br \/><\/style>\n<table style=\"height: 995px;\" width=\"776\">\n<thead>\n<tr>\n<th><\/th>\n<th style=\"width: 180px;\">\n<h1>119,-\u20ac<\/h1>\n<p>Winterwartung<\/p>\n<\/th>\n<th>\n<h1>139,-<\/h1>\n<p>Winterwartung<br>mit Einlagerung<\/p>\n<\/th>\n<th>\n<h1>189,-<\/h1>\n<p>Winterwartung VIP<\/p>\n<\/th>\n<\/tr>\n<\/thead>\n<tbody>\n<tr>\n<td>Grundreinigung mit<br>Druckluft und B\u00fcrste *<\/td>\n<td data-label=\"Winterwartung\"><img decoding=\"async\" class=\"aligncenter yes\" src=\"\/wp-content\/uploads\/2018\/11\/kreis_haken.svg\" alt=\"ja\"><\/td>\n<td data-label=\"Winterwartung mit Einlagerung\"><img decoding=\"async\" class=\"aligncenter yes\" src=\"\/wp-content\/uploads\/2018\/11\/kreis_haken.svg\" alt=\"ja\"><\/td>\n<td data-label=\"Winterwartung VIP\"><img decoding=\"async\" class=\"aligncenter yes\" src=\"\/wp-content\/uploads\/2018\/11\/kreis_haken.svg\" alt=\"ja\"><\/td>\n<\/tr>\n<tr>\n<td>neue Messer<\/td>\n<td data-label=\"Winterwartung\"><img decoding=\"async\" class=\"aligncenter yes\" src=\"\/wp-content\/uploads\/2018\/11\/kreis_haken.svg\" alt=\"ja\"><\/td>\n<td data-label=\"Winterwartung mit Einlagerung\"><img decoding=\"async\" class=\"aligncenter yes\" src=\"\/wp-content\/uploads\/2018\/11\/kreis_haken.svg\" alt=\"ja\"><\/td>\n<td data-label=\"Winterwartung VIP\"><img decoding=\"async\" class=\"aligncenter yes\" src=\"\/wp-content\/uploads\/2018\/11\/kreis_haken.svg\" alt=\"ja\"><\/td>\n<\/tr>\n<tr>\n<td>Check Radmotoren<\/td>\n<td data-label=\"Winterwartung\"><img decoding=\"async\" class=\"aligncenter yes\" src=\"\/wp-content\/uploads\/2018\/11\/kreis_haken.svg\" alt=\"ja\"><\/td>\n<td data-label=\"Winterwartung mit Einlagerung\"><img decoding=\"async\" class=\"aligncenter yes\" src=\"\/wp-content\/uploads\/2018\/11\/kreis_haken.svg\" alt=\"ja\"><\/td>\n<td data-label=\"Winterwartung VIP\"><img decoding=\"async\" class=\"aligncenter yes\" src=\"\/wp-content\/uploads\/2018\/11\/kreis_haken.svg\" alt=\"ja\"><\/td>\n<\/tr>\n<tr>\n<td>Check Messermotor<\/td>\n<td data-label=\"Winterwartung\"><img decoding=\"async\" class=\"aligncenter yes\" src=\"\/wp-content\/uploads\/2018\/11\/kreis_haken.svg\" alt=\"ja\"><\/td>\n<td data-label=\"Winterwartung mit Einlagerung\"><img decoding=\"async\" class=\"aligncenter yes\" src=\"\/wp-content\/uploads\/2018\/11\/kreis_haken.svg\" alt=\"ja\"><\/td>\n<td data-label=\"Winterwartung VIP\"><img decoding=\"async\" class=\"aligncenter yes\" src=\"\/wp-content\/uploads\/2018\/11\/kreis_haken.svg\" alt=\"ja\"><\/td>\n<\/tr>\n<tr>\n<td>Check aller Sensoren<\/td>\n<td data-label=\"Winterwartung\"><img decoding=\"async\" class=\"aligncenter yes\" src=\"\/wp-content\/uploads\/2018\/11\/kreis_haken.svg\" alt=\"ja\"><\/td>\n<td data-label=\"Winterwartung mit Einlagerung\"><img decoding=\"async\" class=\"aligncenter yes\" src=\"\/wp-content\/uploads\/2018\/11\/kreis_haken.svg\" alt=\"ja\"><\/td>\n<td data-label=\"Winterwartung VIP\"><img decoding=\"async\" class=\"aligncenter yes\" src=\"\/wp-content\/uploads\/2018\/11\/kreis_haken.svg\" alt=\"ja\"><\/td>\n<\/tr>\n<tr>\n<td>Softwareupdate<\/td>\n<td data-label=\"Winterwartung\"><img decoding=\"async\" class=\"aligncenter yes\" src=\"\/wp-content\/uploads\/2018\/11\/kreis_haken.svg\" alt=\"ja\"><\/td>\n<td data-label=\"Winterwartung mit Einlagerung\"><img decoding=\"async\" class=\"aligncenter yes\" src=\"\/wp-content\/uploads\/2018\/11\/kreis_haken.svg\" alt=\"ja\"><\/td>\n<td data-label=\"Winterwartung VIP\"><img decoding=\"async\" class=\"aligncenter yes\" src=\"\/wp-content\/uploads\/2018\/11\/kreis_haken.svg\" alt=\"ja\"><\/td>\n<\/tr>\n<tr>\n<td>Einlagerung \u00fcber den Winter<\/td>\n<td data-label=\"Winterwartung\"><img decoding=\"async\" class=\"aligncenter no\" src=\"\/wp-content\/uploads\/2018\/11\/kreuz.svg\" alt=\"\"><\/td>\n<td data-label=\"Winterwartung mit Einlagerung\"><img decoding=\"async\" class=\"aligncenter yes\" src=\"\/wp-content\/uploads\/2018\/11\/kreis_haken.svg\" alt=\"ja\"><\/td>\n<td data-label=\"Winterwartung VIP\"><img decoding=\"async\" class=\"aligncenter yes\" src=\"\/wp-content\/uploads\/2018\/11\/kreis_haken.svg\" alt=\"ja\"><\/td>\n<\/tr>\n<tr>\n<td>Hol- und Bringservice<\/td>\n<td data-label=\"Winterwartung\"><img decoding=\"async\" class=\"aligncenter no\" src=\"\/wp-content\/uploads\/2018\/11\/kreuz.svg\" alt=\"ja\"><\/td>\n<td data-label=\"Winterwartung mit Einlagerung\"><img decoding=\"async\" class=\"aligncenter no\" src=\"\/wp-content\/uploads\/2018\/11\/kreuz.svg\" alt=\"ja\" width=\"120\" height=\"82\"><\/td>\n<td data-label=\"Winterwartung VIP\"><img decoding=\"async\" class=\"aligncenter yes\" src=\"\/wp-content\/uploads\/2018\/11\/kreis_haken.svg\" alt=\"ja\"><\/td>\n<\/tr>\n<\/tbody>\n<\/table>\n<p>* Die Grundreinigung umfasst das Entfernen grober Verunreinigungen von der Unterseite und des M\u00e4hwerkes. Die Geh\u00e4useoberseite wird abgebaut und Grasablagerungen zwischen Chassis und Geh\u00e4use mit Druckluft entfernt, sodass eine reibungslose Funktion gew\u00e4hrleistet ist. Die oberseite bekommt ein sauberes Finish!<br><\/p>\t\t\t\t\t\t<\/div>\n\t\t\t\t<\/div>\n\t\t\t\t\t<\/div>\n\t\t\t\t<\/div>\n\t\t\t\t<\/div>\n\t\t","protected":false},"excerpt":{"rendered":"<p>Unsere Leistungen und Tarife f\u00fcr die Winterwartung Da Ihr flei\u00dfiger Helfer unentwegt f\u00fcr Sie arbeitet, ben\u00f6tigt er von Zeit zu Zeit eine Wartung. Die Winterwartung beinhaltet neben dem Wechsel der Klingen auch einen Umfassenden Test aller Sensoren und Funktionen. Wir schlie\u00dfen den Roboter dazu an unser spezielles Diagnoseger\u00e4t an, mit welchem wir den Fehlerspeicher und [&hellip;]<\/p>\n","protected":false},"author":1,"featured_media":0,"parent":0,"menu_order":0,"comment_status":"closed","ping_status":"closed","template":"","meta":{"footnotes":""},"class_list":["post-1902","page","type-page","status-publish","hentry"],"blocksy_meta":[],"_links":{"self":[{"href":"https:\/\/xn--mhroboter-hannover-ltb.de\/index.php?rest_route=\/wp\/v2\/pages\/1902"}],"collection":[{"href":"https:\/\/xn--mhroboter-hannover-ltb.de\/index.php?rest_route=\/wp\/v2\/pages"}],"about":[{"href":"https:\/\/xn--mhroboter-hannover-ltb.de\/index.php?rest_route=\/wp\/v2\/types\/page"}],"author":[{"embeddable":true,"href":"https:\/\/xn--mhroboter-hannover-ltb.de\/index.php?rest_route=\/wp\/v2\/users\/1"}],"replies":[{"embeddable":true,"href":"https:\/\/xn--mhroboter-hannover-ltb.de\/index.php?rest_route=%2Fwp%2Fv2%2Fcomments&post=1902"}],"version-history":[{"count":10,"href":"https:\/\/xn--mhroboter-hannover-ltb.de\/index.php?rest_route=\/wp\/v2\/pages\/1902\/revisions"}],"predecessor-version":[{"id":2548,"href":"https:\/\/xn--mhroboter-hannover-ltb.de\/index.php?rest_route=\/wp\/v2\/pages\/1902\/revisions\/2548"}],"wp:attachment":[{"href":"https:\/\/xn--mhroboter-hannover-ltb.de\/index.php?rest_route=%2Fwp%2Fv2%2Fmedia&parent=1902"}],"curies":[{"name":"wp","href":"https:\/\/api.w.org\/{rel}","templated":true}]}}